{"id":19151,"date":"2024-03-18T16:55:49","date_gmt":"2024-03-18T15:55:49","guid":{"rendered":"https:\/\/www.banks4all.eu\/product\/rescheduled-consultation-appointment\/"},"modified":"2024-08-12T12:29:25","modified_gmt":"2024-08-12T10:29:25","slug":"rescheduled-consultation-appointment","status":"publish","type":"product","link":"https:\/\/www.banks4all.eu\/it\/prodotto\/rescheduled-consultation-appointment\/","title":{"rendered":"Banks4all Primo Cliente"},"content":{"rendered":"<div class=\"prt_content\">\n<ul>\n<li class=\" themex-item-9b49f0e\"><i class=\"icofont icofont-tick-mark\"><\/i>Accesso a tutti i corsi video<\/li>\n<li class=\" themex-item-ebcc9cc\"><i class=\"icofont icofont-tick-mark\"><\/i>Consulenza sui servizi bancari tradotti<\/li>\n<li class=\" themex-item-0026c48\"><i class=\"icofont icofont-tick-mark\"><\/i>Servizio clienti dedicato<\/li>\n<li>Accesso al portale clienti<\/li>\n<\/ul>\n<\/div>\n","protected":false},"excerpt":{"rendered":"<div class=\"elementor-element elementor-element-8e0cb0b poket-star-rating--align-center elementor-widget elementor-widget-witr_section_pricing\" data-id=\"8e0cb0b\" data-element_type=\"widget\" data-widget_type=\"witr_section_pricing.default\">\n<div class=\"elementor-widget-container\">\n<div class=\"pricing_area all_pricing_color \">\n<div class=\"pricing-part \">\n<div class=\"witr_btnp_call\">\n<div class=\"elementor-element elementor-element-8e0cb0b poket-star-rating--align-center elementor-widget elementor-widget-witr_section_pricing\" data-id=\"8e0cb0b\" data-element_type=\"widget\" data-widget_type=\"witr_section_pricing.default\">\n<div class=\"elementor-widget-container\">\n<div class=\"pricing_area all_pricing_color \">\n<div class=\"pricing-part \">\n<div class=\"witr_btnp_call\">  I vantaggi di diventare un Cliente Banks4All Prime In qualit\u00e0 di Cliente Banks4All Prime, puoi accedere a servizi finanziari esclusivi e personalizzati per le tue esigenze. Approfitta di soluzioni bancarie personalizzate, di tassi di interesse pi\u00f9 bassi sui prestiti, di rendimenti pi\u00f9 elevati sui risparmi e di un&#8217;assistenza clienti dedicata. I clienti Prime beneficiano anche di opportunit\u00e0 di investimento premium, di un servizio prioritario e di una suite di strumenti bancari digitali avanzati progettati per rendere la gestione delle tue finanze pi\u00f9 semplice ed efficiente. Unisciti a Banks4All Prime per ottenere vantaggi finanziari ineguagliabili e un&#8217;esperienza bancaria superiore.  <\/div>\n<\/div>\n<\/div>\n<\/div>\n<\/div>\n<div class=\"elementor-element elementor-element-ab10d49 poket-star-rating--align-center elementor-widget elementor-widget-witr_section_pricing\" data-id=\"ab10d49\" data-element_type=\"widget\" data-widget_type=\"witr_section_pricing.default\">\n<div class=\"elementor-widget-container\">\n<div class=\"pricing_area all_pricing_color \">\n<div class=\"pricing-part \">\n<div class=\"witr_pricing_icon\"><\/div>\n<\/div>\n<\/div>\n<\/div>\n<\/div>\n<\/div>\n<\/div>\n<\/div>\n<\/div>\n<\/div>\n","protected":false},"featured_media":20336,"template":"","meta":{"om_disable_all_campaigns":false,"_monsterinsights_skip_tracking":false,"_monsterinsights_sitenote_active":false,"_monsterinsights_sitenote_note":"","_monsterinsights_sitenote_category":0},"product_brand":[],"product_cat":[114],"product_tag":[],"class_list":{"0":"post-19151","1":"product","2":"type-product","3":"status-publish","4":"has-post-thumbnail","6":"product_cat-premium-services-it","8":"first","9":"instock","10":"sale","11":"virtual","12":"purchasable","13":"product-type-simple"},"_links":{"self":[{"href":"https:\/\/www.banks4all.eu\/it\/wp-json\/wp\/v2\/product\/19151","targetHints":{"allow":["GET"]}}],"collection":[{"href":"https:\/\/www.banks4all.eu\/it\/wp-json\/wp\/v2\/product"}],"about":[{"href":"https:\/\/www.banks4all.eu\/it\/wp-json\/wp\/v2\/types\/product"}],"wp:featuredmedia":[{"embeddable":true,"href":"https:\/\/www.banks4all.eu\/it\/wp-json\/wp\/v2\/media\/20336"}],"wp:attachment":[{"href":"https:\/\/www.banks4all.eu\/it\/wp-json\/wp\/v2\/media?parent=19151"}],"wp:term":[{"taxonomy":"product_brand","embeddable":true,"href":"https:\/\/www.banks4all.eu\/it\/wp-json\/wp\/v2\/product_brand?post=19151"},{"taxonomy":"product_cat","embeddable":true,"href":"https:\/\/www.banks4all.eu\/it\/wp-json\/wp\/v2\/product_cat?post=19151"},{"taxonomy":"product_tag","embeddable":true,"href":"https:\/\/www.banks4all.eu\/it\/wp-json\/wp\/v2\/product_tag?post=19151"}],"curies":[{"name":"wp","href":"https:\/\/api.w.org\/{rel}","templated":true}]}}