{"id":18740,"date":"2024-03-12T12:54:14","date_gmt":"2024-03-12T11:54:14","guid":{"rendered":"https:\/\/www.banks4all.eu\/terms-and-conditions\/"},"modified":"2024-03-12T13:37:35","modified_gmt":"2024-03-12T12:37:35","slug":"terms-and-conditions","status":"publish","type":"page","link":"https:\/\/www.banks4all.eu\/it\/terms-and-conditions\/","title":{"rendered":"Termini e Condizioni"},"content":{"rendered":"\t\t<div data-elementor-type=\"wp-page\" data-elementor-id=\"18740\" class=\"elementor elementor-18740 elementor-18734\">\n\t\t\t\t<div class=\"elementor-element elementor-element-316908c e-flex e-con-boxed e-con e-parent\" data-id=\"316908c\" data-element_type=\"container\" data-e-type=\"container\">\n\t\t\t\t\t<div class=\"e-con-inner\">\n\t\t\t\t<div class=\"elementor-element elementor-element-9d64724 elementor-widget elementor-widget-heading\" data-id=\"9d64724\" data-element_type=\"widget\" data-e-type=\"widget\" data-widget_type=\"heading.default\">\n\t\t\t\t<div class=\"elementor-widget-container\">\n\t\t\t\t\t<h2 class=\"elementor-heading-title elementor-size-default\">Termini e Condizioni <\/h2>\t\t\t\t<\/div>\n\t\t\t\t<\/div>\n\t\t\t\t\t<\/div>\n\t\t\t\t<\/div>\n\t\t<div class=\"elementor-element elementor-element-56f8afc e-flex e-con-boxed e-con e-parent\" data-id=\"56f8afc\" data-element_type=\"container\" data-e-type=\"container\">\n\t\t\t\t\t<div class=\"e-con-inner\">\n\t\t\t\t<div class=\"elementor-element elementor-element-854aa14 elementor-widget elementor-widget-text-editor\" data-id=\"854aa14\" data-element_type=\"widget\" data-e-type=\"widget\" data-widget_type=\"text-editor.default\">\n\t\t\t\t<div class=\"elementor-widget-container\">\n\t\t\t\t\t\t\t\t\t\n                <h2>Benvenuti in Banche Per Tutti<\/h2>\n<p>I presenti termini di servizio definiscono le norme e i regolamenti per l&#8217;utilizzo del sito web di Banks For All.<\/p>\n<p>Banks For All si trova a:<\/p>\n    <address>\n  Brescia  <br>25030 &#8211; Lombardia , Italia\n<\/address>\n\n<p>Accedendo a questo sito web si presume che l&#8217;utente accetti integralmente le presenti condizioni di servizio. Non continuare a utilizzare  \n  Il sito web di Banks For All non pu\u00f2 essere utilizzato se non si accettano tutti i termini di servizio indicati in questa pagina.<\/p>\n<p>La seguente terminologia si applica ai presenti Termini di servizio, all&#8217;Informativa sulla privacy e all&#8217;Avviso di esclusione di responsabilit\u00e0 e  \n  qualsiasi o tutti gli Accordi: &#8220;Cliente&#8221;, &#8220;Lei&#8221; e &#8220;Suo&#8221; si riferiscono a Lei, la persona che accede a questo sito web.\n  e accettare i termini di servizio della Societ\u00e0. &#8220;La Societ\u00e0&#8221;, &#8220;Noi&#8221;, &#8220;Noi&#8221;, &#8220;Nostro&#8221; e &#8220;Noi&#8221;, si riferiscono a\n  alla nostra azienda. &#8220;Parte&#8221;, &#8220;Parti&#8221; o &#8220;Noi&#8221; si riferiscono sia al Cliente che a noi stessi, oppure al Cliente o a noi stessi.\n  o noi stessi. Tutti i termini si riferiscono all&#8217;offerta, all&#8217;accettazione e al corrispettivo di pagamento necessario per intraprendere\n  il processo della nostra assistenza al Cliente nel modo pi\u00f9 appropriato, sia con incontri formali\n  di durata fissa, o con qualsiasi altro mezzo, allo scopo esplicito di soddisfare le esigenze del Cliente in merito a\n  della fornitura dei servizi\/prodotti dichiarati dell&#8217;Azienda, in conformit\u00e0 e nel rispetto delle leggi vigenti\n  d&#8217;Italia. Qualsiasi uso della terminologia di cui sopra o di altre parole al singolare, al plurale,\n  La maiuscola e\/o il lui\/lei o il loro, sono considerati intercambiabili e quindi riferiti alla stessa persona.<\/p>\n\n<h2>Biscotti<\/h2>\n<p>Utilizziamo i cookie. Utilizzando il sito web di Banks For All si acconsente all&#8217;uso dei cookie.\n  in conformit\u00e0 con la politica sulla privacy di Banks For All.<\/p>\n<p>La maggior parte dei siti web interattivi moderni\n  utilizza i cookie per consentirci di recuperare i dati dell&#8217;utente per ogni visita. I cookie sono utilizzati in alcune aree del nostro sito\n  per consentire la funzionalit\u00e0 di quest&#8217;area e la facilit\u00e0 d&#8217;uso per le persone che la visitano. Alcuni dei nostri\n  Anche i partner affiliati\/pubblicitari possono utilizzare i cookie.<\/p>\n\n\n<h2>Licenza<\/h2>\n<p>Se non diversamente specificato, Banks For All e\/o i suoi licenziatari detengono i diritti di propriet\u00e0 intellettuale per\n  tutto il materiale su Banche per tutti. Tutti i diritti di propriet\u00e0 intellettuale sono riservati. \u00c8 possibile visualizzare e\/o stampare\n  pagine di www.banks4all.eu\/ per uso personale, nel rispetto delle limitazioni stabilite nei presenti termini di servizio.<\/p>\n<p>Non si deve:<\/p>\n<ol>\n    <li>Ripubblicare materiale da www.banks4all.eu\/<\/li>\n    <li>Vendere, affittare o concedere in sublicenza il materiale di www.banks4all.eu\/.<\/li>\n    <li>Riprodurre, duplicare o copiare materiale da www.banks4all.eu\/.<\/li>\n<\/ol>\n<p>Ridistribuire il contenuto di Banche per tutti (a meno che il contenuto non sia stato specificamente creato per la ridistribuzione).<\/p>\n\n\n<h2>Commenti degli utenti<\/h2>\n<ol>\n    <li>Il presente Accordo decorre dalla data del presente documento.<\/li>\n    <li>Alcune parti di questo sito web offrono agli utenti la possibilit\u00e0 di pubblicare e scambiare opinioni e informazioni,\n  materiale e dati (&#8220;Commenti&#8221;) nelle aree del sito web. Banche per tutti non controlla, non modifica, non pubblica.\n  o di rivedere i Commenti prima della loro apparizione sul sito web e i Commenti non riflettono le opinioni o le\n  opinioni di Banche per Tutti, dei suoi agenti o affiliati. I commenti riflettono il punto di vista e l&#8217;opinione del\n  persona che pubblica tale opinione o parere. Nella misura consentita dalle leggi applicabili, Banks For All dovr\u00e0\n  non sar\u00e0 responsabile per i Commenti o per qualsiasi perdita, costo, responsabilit\u00e0, danno o spesa causata da\n  e o subiti in conseguenza di qualsiasi uso e\/o pubblicazione e\/o apparizione dei Commenti su questa\n  sito web.<\/li>\n    <li>Banks For All si riserva il diritto di monitorare tutti i commenti e di rimuovere qualsiasi commento che consideri\n  a sua assoluta discrezione, di essere inappropriato, offensivo o comunque in violazione dei presenti Termini di servizio.<\/li>\n    <li>L&#8217;utente garantisce e dichiara che:\n        <ol>\n            <li>Siete autorizzati a pubblicare i Commenti sul nostro sito web e avete tutte le licenze e i consensi necessari per\n  farlo;<\/li>\n            <li>I Commenti non violano alcun diritto di propriet\u00e0 intellettuale, incluso, a titolo esemplificativo, il diritto d&#8217;autore,\n  brevetti, marchi o altri diritti di propriet\u00e0 di terzi;<\/li>\n            <li>I Commenti non contengono materiale diffamatorio, calunnioso, offensivo, indecente o altrimenti illegale.\n  o materiale che costituisce una violazione della privacy<\/li>\n            <li>I Commenti non saranno utilizzati per sollecitare o promuovere attivit\u00e0 commerciali o consuetudini, n\u00e9 per presentare attivit\u00e0 commerciali.\n  o attivit\u00e0 illecite.<\/li>\n        <\/ol>\n    <\/li>\n    <li>Con la presente concedete a <strong>Banks For All<\/strong> una licenza non esclusiva ed esente da royalty per utilizzare, riprodurre,\n  modificare e autorizzare altri a utilizzare, riprodurre e modificare qualsiasi vostro commento in qualsiasi forma, formato e modalit\u00e0.\n  o media.<\/li>\n<\/ol>\n<h2>Collegamento ipertestuale ai nostri contenuti<\/h2>\n<ol>\n    <li>Le seguenti organizzazioni possono collegarsi al nostro sito Web senza previa autorizzazione scritta:\n        <ol>\n            <li>Agenzie governative;<\/li>\n            <li>Motori di ricerca;<\/li>\n            <li>Organizzazioni giornalistiche;<\/li>\n            <li>I distributori di elenchi online, quando ci inseriscono nell&#8217;elenco, possono linkare il nostro sito web nello stesso modo in cui lo fanno.\n  in quanto collegamenti ipertestuali ai siti Web di altre aziende elencate; e<\/li>\n            <li>Attivit\u00e0 commerciali accreditate a livello di sistema, ad eccezione delle organizzazioni no-profit e dei centri commerciali di beneficenza,\n  e gruppi di raccolta fondi per beneficenza che non possono collegarsi al nostro sito web.<\/li>\n        <\/ol>\n    <\/li>\n<\/ol>\n<ol start=\"2\">\n    <li>Queste organizzazioni possono collegarsi alla nostra home page, alle pubblicazioni o ad altre informazioni del sito web a condizione che\n  come collegamento: (a) non \u00e8 in alcun modo fuorviante; (b) non implichi falsamente la sponsorizzazione, l&#8217;avallo o la\n  approvazione del linkante e dei suoi prodotti o servizi; e (c) si inserisce nel contesto del linkante\n  sito del partito.\n    <\/li>\n    <li>Possiamo prendere in considerazione e approvare a nostra esclusiva discrezione altre richieste di link da parte dei seguenti tipi di organizzazioni:\n        <ol>\n            <li>fonti di informazione sui consumatori e\/o sulle imprese comunemente conosciute, come le Camere di Commercio, l&#8217;American\n  Automobile Association, AARP e Consumers Union;<\/li>\n            <li>siti di comunit\u00e0 dot.com;<\/li>\n            <li>associazioni o altri gruppi che rappresentano enti di beneficenza, compresi i siti di beneficenza,<\/li>\n            <li>distributori di elenchi online;<\/li>\n            <li>portali internet;<\/li>\n            <li>societ\u00e0 di contabilit\u00e0, studi legali e di consulenza i cui clienti principali sono imprese; e<\/li>\n            <li>istituzioni educative e associazioni di categoria.<\/li>\n        <\/ol>\n    <\/li>\n<\/ol>\n<p>Approveremo le richieste di link da parte di queste organizzazioni se determineremo che: (a) il link non riflette\n  sfavorevoli per noi o per le nostre attivit\u00e0 accreditate (per esempio, associazioni di categoria o altre organizzazioni\n  che rappresentano tipi di attivit\u00e0 intrinsecamente sospetti, come le opportunit\u00e0 di lavoro a domicilio, non sono consentiti\n  al link); (b) l&#8217;organizzazione non ha precedenti insoddisfacenti con noi; (c) il beneficio per noi derivante da\n  la visibilit\u00e0 associata al collegamento ipertestuale supera l&#8217;assenza di Banche per Tutti; e (d) quando la\n  il link \u00e8 nel contesto di informazioni generali sulle risorse o \u00e8 altrimenti coerente con il contenuto editoriale\n  in una newsletter o in un prodotto simile che promuova la missione dell&#8217;organizzazione.<\/p>\n\n<p>Queste organizzazioni possono collegarsi alla nostra home page, alle pubblicazioni o ad altre informazioni del sito web a condizione che\n  il link: (a) non \u00e8 in alcun modo fuorviante; (b) non implica falsamente la sponsorizzazione, l&#8217;avallo o l&#8217;approvazione\n  della parte linkante e dei suoi prodotti o servizi; e (c) si inserisce nel contesto del sito della parte linkante\n  sito.<\/p>\n\n<p>Se siete tra le organizzazioni elencate nel paragrafo 2 e siete interessati a collegarvi al nostro sito web,\n  l&#8217;utente deve comunicarlo inviando un&#8217;e-mail all&#8217;indirizzo <a href=\"mailto:info@banks4all.eu\" title=\"inviare un'e-mail a info@banks4all.eu\">info@banks4all.eu.<\/a>\n  Si prega di includere il proprio nome, il nome dell&#8217;organizzazione, le informazioni di contatto (come il numero di telefono e\/o l&#8217;e-mail).\n  indirizzo) nonch\u00e9 l&#8217;URL del vostro sito, un elenco di tutti gli URL da cui intendete collegarvi al nostro sito web,\n  e un elenco degli URL del nostro sito a cui si desidera collegarsi. La risposta deve arrivare entro 2-3 settimane.<\/p>\n\n<p>Le organizzazioni autorizzate possono collegarsi al nostro sito web come segue:<\/p>\n\n<ol>\n    <li>Utilizzando la nostra ragione sociale; o<\/li>\n    <li>Tramite l&#8217;uso del localizzatore uniforme di risorse (indirizzo Web) a cui si \u00e8 collegati; oppure<\/li>\n    <li>Utilizzando qualsiasi altra descrizione del nostro sito web o del materiale a cui viene collegato che abbia senso all&#8217;interno del sito web.\n  contesto e formato del contenuto del sito del linkante.<\/li>\n<\/ol>\n<p>Non \u00e8 consentito l&#8217;uso del logo di Banks For All o di altre opere d&#8217;arte per il linking in assenza di una licenza sul marchio.\n  accordo.<\/p>\n<h2>Iframes<\/h2>\n<p>Senza la preventiva approvazione e l&#8217;esplicito permesso scritto, non \u00e8 possibile creare cornici intorno alle nostre pagine web o\n  utilizzare altre tecniche che alterino in qualsiasi modo la presentazione visiva o l&#8217;aspetto del nostro sito Web.<\/p>\n<h2>Responsabilit\u00e0 del contenuto<\/h2>\n<p>Non avremo alcuna responsabilit\u00e0 per i contenuti che appaiono sul vostro sito web. L&#8217;utente accetta di indennizzare\n  e difenderci da tutte le richieste di risarcimento derivanti da o basate sul vostro sito web. Nessun link pu\u00f2 comparire su alcun\n  pagina del vostro sito web o all&#8217;interno di qualsiasi contesto che contenga contenuti o materiali che possano essere interpretati come\n  diffamatorie, oscene o criminali, o che violino, in altro modo, o che sostengano la violazione o la\n  altre violazioni dei diritti di terzi.<\/p>\n<h2>Riserva di diritti<\/h2>\n<p>Ci riserviamo il diritto, in qualsiasi momento e a sua esclusiva discrezione, di chiedere all&#8217;utente di rimuovere tutti i link o qualsiasi particolare\n  link al nostro sito web. L&#8217;utente accetta di rimuovere immediatamente tutti i link al nostro sito Web in seguito a tale richiesta. Inoltre\n  si riserva il diritto di modificare i presenti termini di servizio e la propria politica di collegamento in qualsiasi momento. Continuando\n  per collegarsi al nostro sito Web, l&#8217;utente accetta di essere vincolato e di rispettare i presenti termini di servizio per il collegamento.<\/p>\n<h2>Rimozione di link dal nostro sito web<\/h2>\n<p>Se ritenete che un qualsiasi link del nostro sito web o un sito web collegato sia discutibile per qualsiasi motivo, potete contattare\n  a questo proposito. Prenderemo in considerazione le richieste di rimozione dei link, ma non avremo alcun obbligo di farlo o di rispondere.\n  direttamente a voi.<\/p>\n<p>Sebbene ci sforziamo di garantire la correttezza delle informazioni contenute in questo sito web, non ne garantiamo la completezza.\n  o l&#8217;accuratezza; n\u00e9 ci impegniamo a garantire che il sito web rimanga disponibile o che il materiale presente sul sito\n  Il sito web \u00e8 sempre aggiornato.<\/p>\n<h2>Dichiarazione di non responsabilit\u00e0<\/h2>\n<p>Nella misura massima consentita dalla legge applicabile, escludiamo tutte le dichiarazioni, le garanzie e le condizioni relative al nostro sito web e all&#8217;uso di questo sito web (incluse, senza limitazioni, tutte le garanzie implicite per legge relative alla qualit\u00e0 soddisfacente, all&#8217;idoneit\u00e0 allo scopo e\/o all&#8217;uso di ragionevole cura e abilit\u00e0). Nulla di quanto contenuto nella presente clausola di esclusione della responsabilit\u00e0:<\/p>\n<ol>\n    <li>limitare o escludere la nostra o la vostra responsabilit\u00e0 per morte o lesioni personali derivanti da negligenza;<\/li>\n    <li>limitare o escludere la nostra o la vostra responsabilit\u00e0 per frode o falsa dichiarazione fraudolenta;<\/li>\n    <li>limitare le nostre o le vostre responsabilit\u00e0 in qualsiasi modo che non sia consentito dalla legge applicabile; oppure<\/li>\n    <li>escludere qualsiasi nostra o vostra responsabilit\u00e0 che non possa essere esclusa ai sensi della legge applicabile.<\/li>\n<\/ol>\n<p>Le limitazioni e le esclusioni di responsabilit\u00e0 indicate nella presente sezione e in altre parti della presente clausola di esclusione della responsabilit\u00e0: (a)\n  sono soggetti al paragrafo precedente; e (b) disciplinano tutte le responsabilit\u00e0 derivanti dall&#8217;esonero di responsabilit\u00e0 o dal\n  in relazione all&#8217;oggetto della presente clausola di esclusione della responsabilit\u00e0, comprese le responsabilit\u00e0 derivanti da contratto, illecito civile\n  (compresa la negligenza) e per violazione degli obblighi di legge.<\/p>\n<p>Nella misura in cui il sito web e le informazioni e i servizi presenti sul sito web sono forniti gratuitamente,\n  non saremo responsabili di eventuali perdite o danni di qualsiasi natura.<\/p><h2>Informazioni di credito e di contatto<\/h2>\n<p>Questa pagina dei Termini di servizio \u00e8 stata creata dal <a style=\"color:inherit;text-decoration:none;cursor:text;\" href=\"https:\/\/privacyterms.io\/terms-conditions-generator\/\">generatore di termini e condizioni di privacyterms.io.<\/a> Se avete\n  Per qualsiasi domanda relativa a uno qualsiasi dei nostri termini, vi preghiamo di contattarci.<\/p>            \t\t\t\t\t\t\t\t<\/div>\n\t\t\t\t<\/div>\n\t\t\t\t\t<\/div>\n\t\t\t\t<\/div>\n\t\t\t\t<\/div>\n\t\t","protected":false},"excerpt":{"rendered":"<p>Termini e Condizioni Benvenuti in Banche Per Tutti I presenti termini di servizio definiscono le norme e i regolamenti per l&#8217;utilizzo del sito web di Banks For All. Banks For All si trova a: Brescia 25030 &#8211; Lombardia , Italia Accedendo a questo sito web si presume che l&#8217;utente accetti integralmente le presenti condizioni di [&hellip;]<\/p>\n","protected":false},"author":1,"featured_media":0,"parent":0,"menu_order":0,"comment_status":"closed","ping_status":"closed","template":"","meta":{"om_disable_all_campaigns":false,"_monsterinsights_skip_tracking":false,"_monsterinsights_sitenote_active":false,"_monsterinsights_sitenote_note":"","_monsterinsights_sitenote_category":0,"footnotes":""},"categories":[],"class_list":["post-18740","page","type-page","status-publish","hentry"],"_links":{"self":[{"href":"https:\/\/www.banks4all.eu\/it\/wp-json\/wp\/v2\/pages\/18740","targetHints":{"allow":["GET"]}}],"collection":[{"href":"https:\/\/www.banks4all.eu\/it\/wp-json\/wp\/v2\/pages"}],"about":[{"href":"https:\/\/www.banks4all.eu\/it\/wp-json\/wp\/v2\/types\/page"}],"author":[{"embeddable":true,"href":"https:\/\/www.banks4all.eu\/it\/wp-json\/wp\/v2\/users\/1"}],"replies":[{"embeddable":true,"href":"https:\/\/www.banks4all.eu\/it\/wp-json\/wp\/v2\/comments?post=18740"}],"version-history":[{"count":2,"href":"https:\/\/www.banks4all.eu\/it\/wp-json\/wp\/v2\/pages\/18740\/revisions"}],"predecessor-version":[{"id":18743,"href":"https:\/\/www.banks4all.eu\/it\/wp-json\/wp\/v2\/pages\/18740\/revisions\/18743"}],"wp:attachment":[{"href":"https:\/\/www.banks4all.eu\/it\/wp-json\/wp\/v2\/media?parent=18740"}],"wp:term":[{"taxonomy":"category","embeddable":true,"href":"https:\/\/www.banks4all.eu\/it\/wp-json\/wp\/v2\/categories?post=18740"}],"curies":[{"name":"wp","href":"https:\/\/api.w.org\/{rel}","templated":true}]}}