{"id":19220,"date":"2024-03-18T15:36:57","date_gmt":"2024-03-18T14:36:57","guid":{"rendered":"https:\/\/www.banks4all.eu\/premium-services\/"},"modified":"2024-11-17T10:20:48","modified_gmt":"2024-11-17T09:20:48","slug":"servicios-premium","status":"publish","type":"page","link":"https:\/\/www.banks4all.eu\/es\/servicios-premium\/","title":{"rendered":"Servicios Premium"},"content":{"rendered":"\t\t<div data-elementor-type=\"wp-page\" data-elementor-id=\"19220\" class=\"elementor elementor-19220\">\n\t\t\t\t<div class=\"elementor-element elementor-element-2aa81712 e-flex e-con-boxed e-con e-parent\" data-id=\"2aa81712\" data-element_type=\"container\" data-e-type=\"container\">\n\t\t\t\t\t<div class=\"e-con-inner\">\n\t\t\t\t<div class=\"elementor-element elementor-element-f94b415 elementor-widget elementor-widget-heading\" data-id=\"f94b415\" data-element_type=\"widget\" data-e-type=\"widget\" data-widget_type=\"heading.default\">\n\t\t\t\t<div class=\"elementor-widget-container\">\n\t\t\t\t\t<h2 class=\"elementor-heading-title elementor-size-default\">Servicios Premium<\/h2>\t\t\t\t<\/div>\n\t\t\t\t<\/div>\n\t\t\t\t<div class=\"elementor-element elementor-element-8c5f85e elementor-widget elementor-widget-image\" data-id=\"8c5f85e\" data-element_type=\"widget\" data-e-type=\"widget\" data-widget_type=\"image.default\">\n\t\t\t\t<div class=\"elementor-widget-container\">\n\t\t\t\t\t\t\t\t\t\t\t\t\t\t\t<img fetchpriority=\"high\" decoding=\"async\" width=\"1024\" height=\"683\" src=\"https:\/\/www.banks4all.eu\/wp-content\/uploads\/2023\/12\/successful-business-team-2023-11-27-05-29-42-utc-1024x683.jpg\" class=\"attachment-large size-large wp-image-8737\" alt=\"\" srcset=\"https:\/\/www.banks4all.eu\/wp-content\/uploads\/2023\/12\/successful-business-team-2023-11-27-05-29-42-utc-1024x683.jpg 1024w, https:\/\/www.banks4all.eu\/wp-content\/uploads\/2023\/12\/successful-business-team-2023-11-27-05-29-42-utc-scaled-600x401.jpg 600w, https:\/\/www.banks4all.eu\/wp-content\/uploads\/2023\/12\/successful-business-team-2023-11-27-05-29-42-utc-300x200.jpg 300w, https:\/\/www.banks4all.eu\/wp-content\/uploads\/2023\/12\/successful-business-team-2023-11-27-05-29-42-utc-768x513.jpg 768w, https:\/\/www.banks4all.eu\/wp-content\/uploads\/2023\/12\/successful-business-team-2023-11-27-05-29-42-utc-1536x1025.jpg 1536w, https:\/\/www.banks4all.eu\/wp-content\/uploads\/2023\/12\/successful-business-team-2023-11-27-05-29-42-utc-2048x1367.jpg 2048w\" sizes=\"(max-width: 1024px) 100vw, 1024px\" \/>\t\t\t\t\t\t\t\t\t\t\t\t\t\t\t<\/div>\n\t\t\t\t<\/div>\n\t\t\t\t<div class=\"elementor-element elementor-element-77168ee elementor-widget elementor-widget-text-editor\" data-id=\"77168ee\" data-element_type=\"widget\" data-e-type=\"widget\" data-widget_type=\"text-editor.default\">\n\t\t\t\t<div class=\"elementor-widget-container\">\n\t\t\t\t\t\t\t\t\t<p>Seleccione el servicio que necesite y no dude en ponerse en contacto con nosotros si necesita m\u00e1s informaci\u00f3n.<\/p>\n\t\t\t\t\t\t\t\t<\/div>\n\t\t\t\t<\/div>\n\t\t\t\t\t<\/div>\n\t\t\t\t<\/div>\n\t\t<div class=\"elementor-element elementor-element-ce6022a e-flex e-con-boxed e-con e-parent\" data-id=\"ce6022a\" data-element_type=\"container\" data-e-type=\"container\">\n\t\t\t\t\t<div class=\"e-con-inner\">\n\t\t<div class=\"elementor-element elementor-element-e007903 e-con-full e-flex e-con e-child\" data-id=\"e007903\" data-element_type=\"container\" data-e-type=\"container\">\n\t\t\t\t<div class=\"elementor-element elementor-element-8e0cb0b poket-star-rating--align-center elementor-widget elementor-widget-witr_section_pricing\" data-id=\"8e0cb0b\" data-element_type=\"widget\" data-e-type=\"widget\" data-widget_type=\"witr_section_pricing.default\">\n\t\t\t\t<div class=\"elementor-widget-container\">\n\t\t\t\t\t\n\n\t\t\t\t\t\n\t\t\t\t<div class=\"pricing_area all_pricing_color  \">\n                    <div class=\"pricing-part \">\n\t\n\t\t\t\t\t\t\t<!-- icon -->\n\t\t\t\t\t\t\t<div class=\"witr_pricing_icon\">\n\t\t\t\t\t\t\t\t\t\t\t\t\t\t\t\t\t<i class=\"far fa-handshake\"><\/i>\n\t\t\t\t\t\t\t\t\t\t\t\t\t\t\t<\/div>\n\t\t\t\t\n\t\t\t\t\t\t\t<!-- image -->\n\t\t\t\t\t\t\t\t\t\t\t\t\t\t\n\t\t\t\t\t\t\t<!-- ribon -->\t\n\t\t\t\t\t\t\t\t\t\t\t\t\t\t\t<strong>PRIME <\/strong>\t\n\t\t\t\t\t\t\t\t\t\t\t\t\t\n\t\t\t\t\t\t\t<!-- title -->\n\t\t\t\t\t\t\t\t\t\t\t\t\t\t\t<h4>Cliente Prime de Banks4all <\/h4>\t\n\t\t\t\t\t\t\t\t\t\t\t\t\t\t<!--  price content -->\n\t\t\t\t\t\t\t\t\t\t\t\t\t\t<div class=\"prt_content\"><p>Cuotas de membres\u00eda vitalicia <\/p><\/div>\n\t\t\t\t\t\t\t\t\t\t\t\t\t\t<!-- offer price -->\n\t\t\t\t\t\t\t\t\t\t\t\t\t\t\t<h6>249 <\/h6>\t\n\t\t\t\t\t\t\t\t\t\t\t\t\t\t<!-- price\/currency\/month -->\n\t\t\t\t\t\t\t\t\t\t\t\t\t\t\t<h5><span>\u20ac<\/span>199 <span> <\/span><\/h5>\n\t\t\t\t\t\t\t\t\t\t\t\t\t\t<!-- yearly -->\n\t\t\t\t\t\t\t\t\t\t\t\t\t\t\n\n\t\t\t\t\t\t\t\t\t\t\t\t\t\t\t<!-- list -->\n\t\t\t\t\t\t\t\t<div class=\"witri_texti_list\">\n\t\t\t\t\t\t\t\t\t<ul>\n\t\t\t\t\t\t\t\t\t\t\t\t\t\t\t\t\t\t\t\t\t\t\t\t\t\t\t\t\t\t<li class=\" themex-item-9b49f0e\" >\n\t\t\t\t\t\t\t\t\t\t\t\t<i class=\"icofont icofont-tick-mark\"><\/i>Acceso a todos los cursos en v\u00eddeo\t\t\t\t\t\t\t\t\t\t\t<\/li>\n\t\t\t\t\t\t\t\t\t\t\t\t\t\t\t\t\t\t\t\t\t<li class=\" themex-item-ebcc9cc\" >\n\t\t\t\t\t\t\t\t\t\t\t\t<i class=\"icofont icofont-tick-mark\"><\/i>Acceso a nuestro portal cliente\t\t\t\t\t\t\t\t\t\t\t<\/li>\n\t\t\t\t\t\t\t\t\t\t\t\t\t\t\t\t\t\t\t\t\t<li class=\" themex-item-0026c48\" >\n\t\t\t\t\t\t\t\t\t\t\t\t<i class=\"icofont icofont-tick-mark\"><\/i>Registro para servicios premium\t\t\t\t\t\t\t\t\t\t\t<\/li>\n\t\t\t\t\t\t\t\t\t\t\t\n\t\t\t\t\t\t\t\t\t<\/ul>\t\n\t\t\t\t\t\t\t\t<\/div>\n\t\t\t\t\t\t\t\t\t\t\t\t\t\t\n\t\t\t\t\t\t<!-- button -->\n\t\t\t\t\t\t\t\t\t\t\t\t<div class=\"witr_btnp_color\">\n\t\t\t\t\t\t\t<a  class=\"btn\" href=\"https:\/\/www.banks4all.eu\/product\/bank-consultation-appointment\/\">Comprar ahora<\/a>\n\t\t\t\t\t\t<\/div>\t\t\t\n\t\t\t\t\t\t\t\t\t\t\t\t<!-- call -->\n\t\t\t\t\t\t\t\t\t\t\t\t<div class=\"witr_btnp_call\">\n\t\t\t\t\t\t\t<h2>Convi\u00e9rtase en cliente de por vida <\/h2>\t\n\t\t\t\t\t\t<\/div> \t\n\t\t\t\t\t\t\t\t\t\t\t\t\n                    <\/div> <!-- pricing part -->\n                <\/div> \n\n\t\t\t\n\t\t\t\t\t\t\t<\/div>\n\t\t\t\t<\/div>\n\t\t\t\t<div class=\"elementor-element elementor-element-ab10d49 poket-star-rating--align-center elementor-widget elementor-widget-witr_section_pricing\" data-id=\"ab10d49\" data-element_type=\"widget\" data-e-type=\"widget\" data-widget_type=\"witr_section_pricing.default\">\n\t\t\t\t<div class=\"elementor-widget-container\">\n\t\t\t\t\t\n\n\t\t\t\t\t\n\t\t\t\t<div class=\"pricing_area all_pricing_color  \">\n                    <div class=\"pricing-part \">\n\t\n\t\t\t\t\t\t\t<!-- icon -->\n\t\t\t\t\t\t\t<div class=\"witr_pricing_icon\">\n\t\t\t\t\t\t\t\t\t\t\t\t\t\t\t\t\t<i class=\"fas fa-person-booth\"><\/i>\n\t\t\t\t\t\t\t\t\t\t\t\t\t\t\t<\/div>\n\t\t\t\t\n\t\t\t\t\t\t\t<!-- image -->\n\t\t\t\t\t\t\t\t\t\t\t\t\t\t\n\t\t\t\t\t\t\t<!-- ribon -->\t\n\t\t\t\t\t\t\t\t\t\t\t\t\t\t\t<strong>PFM <\/strong>\t\n\t\t\t\t\t\t\t\t\t\t\t\t\t\n\t\t\t\t\t\t\t<!-- title -->\n\t\t\t\t\t\t\t\t\t\t\t\t\t\t\t<h4>Pr\u00e9stamo bancario personal <\/h4>\t\n\t\t\t\t\t\t\t\t\t\t\t\t\t\t<!--  price content -->\n\t\t\t\t\t\t\t\t\t\t\t\t\t\t<div class=\"prt_content\"><p>Gesti\u00f3n de finanzas personales <\/p><\/div>\n\t\t\t\t\t\t\t\t\t\t\t\t\t\t<!-- offer price -->\n\t\t\t\t\t\t\t\t\t\t\t\t\t\t\t<h6>249 <\/h6>\t\n\t\t\t\t\t\t\t\t\t\t\t\t\t\t<!-- price\/currency\/month -->\n\t\t\t\t\t\t\t\t\t\t\t\t\t\t\t<h5><span>\u20ac<\/span>199 <span> <\/span><\/h5>\n\t\t\t\t\t\t\t\t\t\t\t\t\t\t<!-- yearly -->\n\t\t\t\t\t\t\t\t\t\t\t\t\t\t\n\n\t\t\t\t\t\t\t\t\t\t\t\t\t\t\t<!-- list -->\n\t\t\t\t\t\t\t\t<div class=\"witri_texti_list\">\n\t\t\t\t\t\t\t\t\t<ul>\n\t\t\t\t\t\t\t\t\t\t\t\t\t\t\t\t\t\t\t\t\t\t\t\t\t\t\t\t\t\t<li class=\" themex-item-0026c48\" >\n\t\t\t\t\t\t\t\t\t\t\t\t<i class=\"icofont icofont-tick-mark\"><\/i>Servicios bancarios personales\t\t\t\t\t\t\t\t\t\t\t<\/li>\n\t\t\t\t\t\t\t\t\t\t\t\t\t\t\t\t\t\t\t\t\t<li class=\" themex-item-ebcc9cc\" >\n\t\t\t\t\t\t\t\t\t\t\t\t<i class=\"icofont icofont-tick-mark\"><\/i>Membres\u00eda a vita para clientes Prime\t\t\t\t\t\t\t\t\t\t\t<\/li>\n\t\t\t\t\t\t\t\t\t\t\t\t\t\t\t\t\t\t\t\t\t<li class=\" themex-item-9b49f0e\" >\n\t\t\t\t\t\t\t\t\t\t\t\t<i class=\"icofont icofont-tick-mark\"><\/i>Negociaci\u00f3n con el banco\t\t\t\t\t\t\t\t\t\t\t<\/li>\n\t\t\t\t\t\t\t\t\t\t\t\n\t\t\t\t\t\t\t\t\t<\/ul>\t\n\t\t\t\t\t\t\t\t<\/div>\n\t\t\t\t\t\t\t\t\t\t\t\t\t\t\n\t\t\t\t\t\t<!-- button -->\n\t\t\t\t\t\t\t\t\t\t\t\t<div class=\"witr_btnp_color\">\n\t\t\t\t\t\t\t<a  class=\"btn\" href=\"https:\/\/www.banks4all.eu\/product\/documentation-for-bank-loans\/\">Comprar ahora<\/a>\n\t\t\t\t\t\t<\/div>\t\t\t\n\t\t\t\t\t\t\t\t\t\t\t\t<!-- call -->\n\t\t\t\t\t\t\t\t\t\t\t\t<div class=\"witr_btnp_call\">\n\t\t\t\t\t\t\t<h2>Pr\u00e9stamos personales aprobados <\/h2>\t\n\t\t\t\t\t\t<\/div> \t\n\t\t\t\t\t\t\t\t\t\t\t\t\n                    <\/div> <!-- pricing part -->\n                <\/div> \n\n\t\t\t\n\t\t\t\t\t\t\t<\/div>\n\t\t\t\t<\/div>\n\t\t\t\t<div class=\"elementor-element elementor-element-885eac5 poket-star-rating--align-center elementor-widget elementor-widget-witr_section_pricing\" data-id=\"885eac5\" data-element_type=\"widget\" data-e-type=\"widget\" data-widget_type=\"witr_section_pricing.default\">\n\t\t\t\t<div class=\"elementor-widget-container\">\n\t\t\t\t\t\n\n\t\t\t\t\t\n\t\t\t\t<div class=\"pricing_area all_pricing_color  \">\n                    <div class=\"pricing-part \">\n\t\n\t\t\t\t\t\t\t<!-- icon -->\n\t\t\t\t\t\t\t<div class=\"witr_pricing_icon\">\n\t\t\t\t\t\t\t\t\t\t\t\t\t\t\t\t\t<i class=\"flaticon flaticon-money\"><\/i>\n\t\t\t\t\t\t\t\t\t\t\t\t\t\t\t<\/div>\n\t\t\t\t\n\t\t\t\t\t\t\t<!-- image -->\n\t\t\t\t\t\t\t\t\t\t\t\t\t\t\n\t\t\t\t\t\t\t<!-- ribon -->\t\n\t\t\t\t\t\t\t\t\t\t\t\t\t\t\t<strong>MUTUO <\/strong>\t\n\t\t\t\t\t\t\t\t\t\t\t\t\t\n\t\t\t\t\t\t\t<!-- title -->\n\t\t\t\t\t\t\t\t\t\t\t\t\t\t\t<h4>Mutuo Garantizado <\/h4>\t\n\t\t\t\t\t\t\t\t\t\t\t\t\t\t<!--  price content -->\n\t\t\t\t\t\t\t\t\t\t\t\t\t\t<div class=\"prt_content\"><p>Aprobaci\u00f3n de hipoteca garantizada <\/p><\/div>\n\t\t\t\t\t\t\t\t\t\t\t\t\t\t<!-- offer price -->\n\t\t\t\t\t\t\t\t\t\t\t\t\t\t\t<h6>999 <\/h6>\t\n\t\t\t\t\t\t\t\t\t\t\t\t\t\t<!-- price\/currency\/month -->\n\t\t\t\t\t\t\t\t\t\t\t\t\t\t\t<h5><span>\u20ac<\/span>499 <span> <\/span><\/h5>\n\t\t\t\t\t\t\t\t\t\t\t\t\t\t<!-- yearly -->\n\t\t\t\t\t\t\t\t\t\t\t\t\t\t\n\n\t\t\t\t\t\t\t\t\t\t\t\t\t\t\t<!-- list -->\n\t\t\t\t\t\t\t\t<div class=\"witri_texti_list\">\n\t\t\t\t\t\t\t\t\t<ul>\n\t\t\t\t\t\t\t\t\t\t\t\t\t\t\t\t\t\t\t\t\t\t\t\t\t\t\t\t\t\t<li class=\" themex-item-0026c48\" >\n\t\t\t\t\t\t\t\t\t\t\t\t<i class=\"icofont icofont-tick-mark\"><\/i>Piano di investimento immobiliare\t\t\t\t\t\t\t\t\t\t\t<\/li>\n\t\t\t\t\t\t\t\t\t\t\t\t\t\t\t\t\t\t\t\t\t<li class=\" themex-item-ebcc9cc\" >\n\t\t\t\t\t\t\t\t\t\t\t\t<i class=\"icofont icofont-tick-mark\"><\/i>Aprobaci\u00f3n garantizada\t\t\t\t\t\t\t\t\t\t\t<\/li>\n\t\t\t\t\t\t\t\t\t\t\t\t\t\t\t\t\t\t\t\t\t<li class=\" themex-item-9b49f0e\" >\n\t\t\t\t\t\t\t\t\t\t\t\t<i class=\"icofont icofont-tick-mark\"><\/i>Membres\u00eda a vita para clientes Prime\t\t\t\t\t\t\t\t\t\t\t<\/li>\n\t\t\t\t\t\t\t\t\t\t\t\n\t\t\t\t\t\t\t\t\t<\/ul>\t\n\t\t\t\t\t\t\t\t<\/div>\n\t\t\t\t\t\t\t\t\t\t\t\t\t\t\n\t\t\t\t\t\t<!-- button -->\n\t\t\t\t\t\t\t\t\t\t\t\t<div class=\"witr_btnp_color\">\n\t\t\t\t\t\t\t<a  class=\"btn\" href=\"https:\/\/www.banks4all.eu\/product\/documentation-for-house-mortgage\/\">Comprar ahora<\/a>\n\t\t\t\t\t\t<\/div>\t\t\t\n\t\t\t\t\t\t\t\t\t\t\t\t<!-- call -->\n\t\t\t\t\t\t\t\t\t\t\t\t<div class=\"witr_btnp_call\">\n\t\t\t\t\t\t\t<h2>Hasta el 100% del precio de la propiedad <\/h2>\t\n\t\t\t\t\t\t<\/div> \t\n\t\t\t\t\t\t\t\t\t\t\t\t\n                    <\/div> <!-- pricing part -->\n                <\/div> \n\n\t\t\t\n\t\t\t\t\t\t\t<\/div>\n\t\t\t\t<\/div>\n\t\t\t\t<\/div>\n\t\t<div class=\"elementor-element elementor-element-dcab3be e-con-full e-flex e-con e-child\" data-id=\"dcab3be\" data-element_type=\"container\" data-e-type=\"container\">\n\t\t\t\t<div class=\"elementor-element elementor-element-8fb6187 poket-star-rating--align-center elementor-widget elementor-widget-witr_section_pricing\" data-id=\"8fb6187\" data-element_type=\"widget\" data-e-type=\"widget\" data-widget_type=\"witr_section_pricing.default\">\n\t\t\t\t<div class=\"elementor-widget-container\">\n\t\t\t\t\t\n\n\t\t\t\t\t\n\t\t\t\t<div class=\"pricing_area all_pricing_color  \">\n                    <div class=\"pricing-part \">\n\t\n\t\t\t\t\t\t\t<!-- icon -->\n\t\t\t\t\t\t\t<div class=\"witr_pricing_icon\">\n\t\t\t\t\t\t\t\t\t\t\t\t\t\t\t\t\t<i class=\"fas fa-hourglass-start\"><\/i>\n\t\t\t\t\t\t\t\t\t\t\t\t\t\t\t<\/div>\n\t\t\t\t\n\t\t\t\t\t\t\t<!-- image -->\n\t\t\t\t\t\t\t\t\t\t\t\t\t\t\n\t\t\t\t\t\t\t<!-- ribon -->\t\n\t\t\t\t\t\t\t\t\t\t\t\t\t\t\t<strong>PIP  <\/strong>\t\n\t\t\t\t\t\t\t\t\t\t\t\t\t\n\t\t\t\t\t\t\t<!-- title -->\n\t\t\t\t\t\t\t\t\t\t\t\t\t\t\t<h4>Plan de Inversi\u00f3n <\/h4>\t\n\t\t\t\t\t\t\t\t\t\t\t\t\t\t<!--  price content -->\n\t\t\t\t\t\t\t\t\t\t\t\t\t\t<div class=\"prt_content\"><p>Plan de inversi\u00f3n inmobiliaria <\/p><\/div>\n\t\t\t\t\t\t\t\t\t\t\t\t\t\t<!-- offer price -->\n\t\t\t\t\t\t\t\t\t\t\t\t\t\t\t<h6>599 <\/h6>\t\n\t\t\t\t\t\t\t\t\t\t\t\t\t\t<!-- price\/currency\/month -->\n\t\t\t\t\t\t\t\t\t\t\t\t\t\t\t<h5><span>\u20ac<\/span>499 <span> <\/span><\/h5>\n\t\t\t\t\t\t\t\t\t\t\t\t\t\t<!-- yearly -->\n\t\t\t\t\t\t\t\t\t\t\t\t\t\t\n\n\t\t\t\t\t\t\t\t\t\t\t\t\t\t\t<!-- list -->\n\t\t\t\t\t\t\t\t<div class=\"witri_texti_list\">\n\t\t\t\t\t\t\t\t\t<ul>\n\t\t\t\t\t\t\t\t\t\t\t\t\t\t\t\t\t\t\t\t\t\t\t\t\t\t\t\t\t\t<li class=\" themex-item-0026c48\" >\n\t\t\t\t\t\t\t\t\t\t\t\t<i class=\"icofont icofont-tick-mark\"><\/i>Membres\u00eda a vita para clientes Prime\t\t\t\t\t\t\t\t\t\t\t<\/li>\n\t\t\t\t\t\t\t\t\t\t\t\t\t\t\t\t\t\t\t\t\t<li class=\" themex-item-ebcc9cc\" >\n\t\t\t\t\t\t\t\t\t\t\t\t<i class=\"icofont icofont-tick-mark\"><\/i>Servicios bancarios sin intereses\t\t\t\t\t\t\t\t\t\t\t<\/li>\n\t\t\t\t\t\t\t\t\t\t\t\t\t\t\t\t\t\t\t\t\t<li class=\" themex-item-9b49f0e\" >\n\t\t\t\t\t\t\t\t\t\t\t\t<i class=\"icofont icofont-tick-mark\"><\/i>Todas las posibles soluciones alternativas\t\t\t\t\t\t\t\t\t\t\t<\/li>\n\t\t\t\t\t\t\t\t\t\t\t\n\t\t\t\t\t\t\t\t\t<\/ul>\t\n\t\t\t\t\t\t\t\t<\/div>\n\t\t\t\t\t\t\t\t\t\t\t\t\t\t\n\t\t\t\t\t\t<!-- button -->\n\t\t\t\t\t\t\t\t\t\t\t\t<div class=\"witr_btnp_color\">\n\t\t\t\t\t\t\t<a  class=\"btn\" href=\"https:\/\/www.banks4all.eu\/es\/producto\/consulta-mutua\/\">Comprar ahora<\/a>\n\t\t\t\t\t\t<\/div>\t\t\t\n\t\t\t\t\t\t\t\t\t\t\t\t<!-- call -->\n\t\t\t\t\t\t\t\t\t\t\t\t<div class=\"witr_btnp_call\">\n\t\t\t\t\t\t\t<h2>Plan para convertirse en propietario <\/h2>\t\n\t\t\t\t\t\t<\/div> \t\n\t\t\t\t\t\t\t\t\t\t\t\t\n                    <\/div> <!-- pricing part -->\n                <\/div> \n\n\t\t\t\n\t\t\t\t\t\t\t<\/div>\n\t\t\t\t<\/div>\n\t\t\t\t<div class=\"elementor-element elementor-element-357dd81 poket-star-rating--align-center elementor-widget elementor-widget-witr_section_pricing\" data-id=\"357dd81\" data-element_type=\"widget\" data-e-type=\"widget\" data-widget_type=\"witr_section_pricing.default\">\n\t\t\t\t<div class=\"elementor-widget-container\">\n\t\t\t\t\t\n\n\t\t\t\t\t\n\t\t\t\t<div class=\"pricing_area all_pricing_color  \">\n                    <div class=\"pricing-part \">\n\t\n\t\t\t\t\t\t\t<!-- icon -->\n\t\t\t\t\t\t\t<div class=\"witr_pricing_icon\">\n\t\t\t\t\t\t\t\t\t\t\t\t\t\t\t\t\t<i class=\"fas fa-business-time\"><\/i>\n\t\t\t\t\t\t\t\t\t\t\t\t\t\t\t<\/div>\n\t\t\t\t\n\t\t\t\t\t\t\t<!-- image -->\n\t\t\t\t\t\t\t\t\t\t\t\t\t\t\n\t\t\t\t\t\t\t<!-- ribon -->\t\n\t\t\t\t\t\t\t\t\t\t\t\t\t\t\t<strong>BFM <\/strong>\t\n\t\t\t\t\t\t\t\t\t\t\t\t\t\n\t\t\t\t\t\t\t<!-- title -->\n\t\t\t\t\t\t\t\t\t\t\t\t\t\t\t<h4>Pr\u00e9stamo para empresas <\/h4>\t\n\t\t\t\t\t\t\t\t\t\t\t\t\t\t<!--  price content -->\n\t\t\t\t\t\t\t\t\t\t\t\t\t\t<div class=\"prt_content\"><p>Gesti\u00f3n financiera empresarial <\/p><\/div>\n\t\t\t\t\t\t\t\t\t\t\t\t\t\t<!-- offer price -->\n\t\t\t\t\t\t\t\t\t\t\t\t\t\t\t<h6>599 <\/h6>\t\n\t\t\t\t\t\t\t\t\t\t\t\t\t\t<!-- price\/currency\/month -->\n\t\t\t\t\t\t\t\t\t\t\t\t\t\t\t<h5><span>\u20ac<\/span>499 <span> <\/span><\/h5>\n\t\t\t\t\t\t\t\t\t\t\t\t\t\t<!-- yearly -->\n\t\t\t\t\t\t\t\t\t\t\t\t\t\t\n\n\t\t\t\t\t\t\t\t\t\t\t\t\t\t\t<!-- list -->\n\t\t\t\t\t\t\t\t<div class=\"witri_texti_list\">\n\t\t\t\t\t\t\t\t\t<ul>\n\t\t\t\t\t\t\t\t\t\t\t\t\t\t\t\t\t\t\t\t\t\t\t\t\t\t\t\t\t\t<li class=\" themex-item-0026c48\" >\n\t\t\t\t\t\t\t\t\t\t\t\t<i class=\"icofont icofont-tick-mark\"><\/i>Servicios bancarios para empresas\t\t\t\t\t\t\t\t\t\t\t<\/li>\n\t\t\t\t\t\t\t\t\t\t\t\t\t\t\t\t\t\t\t\t\t<li class=\" themex-item-ebcc9cc\" >\n\t\t\t\t\t\t\t\t\t\t\t\t<i class=\"icofont icofont-tick-mark\"><\/i>Plan de negocios para presentar al banco\t\t\t\t\t\t\t\t\t\t\t<\/li>\n\t\t\t\t\t\t\t\t\t\t\t\t\t\t\t\t\t\t\t\t\t<li class=\" themex-item-9b49f0e\" >\n\t\t\t\t\t\t\t\t\t\t\t\t<i class=\"icofont icofont-tick-mark\"><\/i>Membres\u00eda a vita para clientes Prime\t\t\t\t\t\t\t\t\t\t\t<\/li>\n\t\t\t\t\t\t\t\t\t\t\t\n\t\t\t\t\t\t\t\t\t<\/ul>\t\n\t\t\t\t\t\t\t\t<\/div>\n\t\t\t\t\t\t\t\t\t\t\t\t\t\t\n\t\t\t\t\t\t<!-- button -->\n\t\t\t\t\t\t\t\t\t\t\t\t<div class=\"witr_btnp_color\">\n\t\t\t\t\t\t\t<a  class=\"btn\" href=\"https:\/\/www.banks4all.eu\/product\/bank-loan-for-business\/\">Comprar ahora<\/a>\n\t\t\t\t\t\t<\/div>\t\t\t\n\t\t\t\t\t\t\t\t\t\t\t\t<!-- call -->\n\t\t\t\t\t\t\t\t\t\t\t\t<div class=\"witr_btnp_call\">\n\t\t\t\t\t\t\t<h2>Pr\u00e9stamos con Business Plan <\/h2>\t\n\t\t\t\t\t\t<\/div> \t\n\t\t\t\t\t\t\t\t\t\t\t\t\n                    <\/div> <!-- pricing part -->\n                <\/div> \n\n\t\t\t\n\t\t\t\t\t\t\t<\/div>\n\t\t\t\t<\/div>\n\t\t\t\t<div class=\"elementor-element elementor-element-06ce4f9 poket-star-rating--align-center elementor-widget elementor-widget-witr_section_pricing\" data-id=\"06ce4f9\" data-element_type=\"widget\" data-e-type=\"widget\" data-widget_type=\"witr_section_pricing.default\">\n\t\t\t\t<div class=\"elementor-widget-container\">\n\t\t\t\t\t\n\n\t\t\t\t\t\n\t\t\t\t<div class=\"pricing_area all_pricing_color  \">\n                    <div class=\"pricing-part \">\n\t\n\t\t\t\t\t\t\t<!-- icon -->\n\t\t\t\t\t\t\t<div class=\"witr_pricing_icon\">\n\t\t\t\t\t\t\t\t\t\t\t\t\t\t\t\t\t<i class=\"flaticon flaticon-mortgage\"><\/i>\n\t\t\t\t\t\t\t\t\t\t\t\t\t\t\t<\/div>\n\t\t\t\t\n\t\t\t\t\t\t\t<!-- image -->\n\t\t\t\t\t\t\t\t\t\t\t\t\t\t\n\t\t\t\t\t\t\t<!-- ribon -->\t\n\t\t\t\t\t\t\t\t\t\t\t\t\t\t\t<strong>POC <\/strong>\t\n\t\t\t\t\t\t\t\t\t\t\t\t\t\n\t\t\t\t\t\t\t<!-- title -->\n\t\t\t\t\t\t\t\t\t\t\t\t\t\t\t<h4>Propiedad de la casa <\/h4>\t\n\t\t\t\t\t\t\t\t\t\t\t\t\t\t<!--  price content -->\n\t\t\t\t\t\t\t\t\t\t\t\t\t\t<div class=\"prt_content\"><p>Servicio para convertirse en Propietario <\/p><\/div>\n\t\t\t\t\t\t\t\t\t\t\t\t\t\t<!-- offer price -->\n\t\t\t\t\t\t\t\t\t\t\t\t\t\t\t<h6>3900 <\/h6>\t\n\t\t\t\t\t\t\t\t\t\t\t\t\t\t<!-- price\/currency\/month -->\n\t\t\t\t\t\t\t\t\t\t\t\t\t\t\t<h5><span>\u20ac<\/span>3000 <span> <\/span><\/h5>\n\t\t\t\t\t\t\t\t\t\t\t\t\t\t<!-- yearly -->\n\t\t\t\t\t\t\t\t\t\t\t\t\t\t\n\n\t\t\t\t\t\t\t\t\t\t\t\t\t\t\t<!-- list -->\n\t\t\t\t\t\t\t\t<div class=\"witri_texti_list\">\n\t\t\t\t\t\t\t\t\t<ul>\n\t\t\t\t\t\t\t\t\t\t\t\t\t\t\t\t\t\t\t\t\t\t\t\t\t\t\t\t\t\t<li class=\" themex-item-0026c48\" >\n\t\t\t\t\t\t\t\t\t\t\t\t<i class=\"icofont icofont-tick-mark\"><\/i>Aprobaci\u00f3n garantizada\t\t\t\t\t\t\t\t\t\t\t<\/li>\n\t\t\t\t\t\t\t\t\t\t\t\t\t\t\t\t\t\t\t\t\t<li class=\" themex-item-9b49f0e\" >\n\t\t\t\t\t\t\t\t\t\t\t\t<i class=\"icofont icofont-tick-mark\"><\/i>Negociaci\u00f3n con el banco\t\t\t\t\t\t\t\t\t\t\t<\/li>\n\t\t\t\t\t\t\t\t\t\t\t\t\t\t\t\t\t\t\t\t\t<li class=\" themex-item-ebcc9cc\" >\n\t\t\t\t\t\t\t\t\t\t\t\t<i class=\"icofont icofont-tick-mark\"><\/i>Plan de inversi\u00f3n inmobiliaria\t\t\t\t\t\t\t\t\t\t\t<\/li>\n\t\t\t\t\t\t\t\t\t\t\t\n\t\t\t\t\t\t\t\t\t<\/ul>\t\n\t\t\t\t\t\t\t\t<\/div>\n\t\t\t\t\t\t\t\t\t\t\t\t\t\t\n\t\t\t\t\t\t<!-- button -->\n\t\t\t\t\t\t\t\t\t\t\t\t<div class=\"witr_btnp_color\">\n\t\t\t\t\t\t\t<a  class=\"btn\" href=\"https:\/\/www.banks4all.eu\/product\/house-ownership\/\">Comprar ahora<\/a>\n\t\t\t\t\t\t<\/div>\t\t\t\n\t\t\t\t\t\t\t\t\t\t\t\t<!-- call -->\n\t\t\t\t\t\t\t\t\t\t\t\t<div class=\"witr_btnp_call\">\n\t\t\t\t\t\t\t<h2>De la consultor\u00eda a la propiedad inmobiliaria <\/h2>\t\n\t\t\t\t\t\t<\/div> \t\n\t\t\t\t\t\t\t\t\t\t\t\t\n                    <\/div> <!-- pricing part -->\n                <\/div> \n\n\t\t\t\n\t\t\t\t\t\t\t<\/div>\n\t\t\t\t<\/div>\n\t\t\t\t<\/div>\n\t\t\t\t\t<\/div>\n\t\t\t\t<\/div>\n\t\t\t\t<\/div>\n\t\t","protected":false},"excerpt":{"rendered":"<p>Servicios Premium Seleccione el servicio que necesite y no dude en ponerse en contacto con nosotros si necesita m\u00e1s informaci\u00f3n. PRIME Cliente Prime de Banks4all Cuotas de membres\u00eda vitalicia 249 \u20ac199 Acceso a todos los cursos en v\u00eddeo Acceso a nuestro portal cliente Registro para servicios premium Comprar ahora Convi\u00e9rtase en cliente de por vida [&hellip;]<\/p>\n","protected":false},"author":1,"featured_media":0,"parent":0,"menu_order":0,"comment_status":"closed","ping_status":"closed","template":"","meta":{"om_disable_all_campaigns":false,"_monsterinsights_skip_tracking":false,"_monsterinsights_sitenote_active":false,"_monsterinsights_sitenote_note":"","_monsterinsights_sitenote_category":0,"footnotes":""},"categories":[],"class_list":["post-19220","page","type-page","status-publish","hentry"],"_links":{"self":[{"href":"https:\/\/www.banks4all.eu\/es\/wp-json\/wp\/v2\/pages\/19220","targetHints":{"allow":["GET"]}}],"collection":[{"href":"https:\/\/www.banks4all.eu\/es\/wp-json\/wp\/v2\/pages"}],"about":[{"href":"https:\/\/www.banks4all.eu\/es\/wp-json\/wp\/v2\/types\/page"}],"author":[{"embeddable":true,"href":"https:\/\/www.banks4all.eu\/es\/wp-json\/wp\/v2\/users\/1"}],"replies":[{"embeddable":true,"href":"https:\/\/www.banks4all.eu\/es\/wp-json\/wp\/v2\/comments?post=19220"}],"version-history":[{"count":125,"href":"https:\/\/www.banks4all.eu\/es\/wp-json\/wp\/v2\/pages\/19220\/revisions"}],"predecessor-version":[{"id":21839,"href":"https:\/\/www.banks4all.eu\/es\/wp-json\/wp\/v2\/pages\/19220\/revisions\/21839"}],"wp:attachment":[{"href":"https:\/\/www.banks4all.eu\/es\/wp-json\/wp\/v2\/media?parent=19220"}],"wp:term":[{"taxonomy":"category","embeddable":true,"href":"https:\/\/www.banks4all.eu\/es\/wp-json\/wp\/v2\/categories?post=19220"}],"curies":[{"name":"wp","href":"https:\/\/api.w.org\/{rel}","templated":true}]}}