{"id":18741,"date":"2024-03-12T12:54:14","date_gmt":"2024-03-12T11:54:14","guid":{"rendered":"https:\/\/www.banks4all.eu\/terms-and-conditions\/"},"modified":"2024-03-12T13:37:35","modified_gmt":"2024-03-12T12:37:35","slug":"terms-and-conditions","status":"publish","type":"page","link":"https:\/\/www.banks4all.eu\/es\/terms-and-conditions\/","title":{"rendered":"Condiciones generales"},"content":{"rendered":"\t\t<div data-elementor-type=\"wp-page\" data-elementor-id=\"18741\" class=\"elementor elementor-18741 elementor-18734\">\n\t\t\t\t<div class=\"elementor-element elementor-element-316908c e-flex e-con-boxed e-con e-parent\" data-id=\"316908c\" data-element_type=\"container\" data-e-type=\"container\">\n\t\t\t\t\t<div class=\"e-con-inner\">\n\t\t\t\t<div class=\"elementor-element elementor-element-9d64724 elementor-widget elementor-widget-heading\" data-id=\"9d64724\" data-element_type=\"widget\" data-e-type=\"widget\" data-widget_type=\"heading.default\">\n\t\t\t\t<div class=\"elementor-widget-container\">\n\t\t\t\t\t<h2 class=\"elementor-heading-title elementor-size-default\">Condiciones generales  <\/h2>\t\t\t\t<\/div>\n\t\t\t\t<\/div>\n\t\t\t\t\t<\/div>\n\t\t\t\t<\/div>\n\t\t<div class=\"elementor-element elementor-element-56f8afc e-flex e-con-boxed e-con e-parent\" data-id=\"56f8afc\" data-element_type=\"container\" data-e-type=\"container\">\n\t\t\t\t\t<div class=\"e-con-inner\">\n\t\t\t\t<div class=\"elementor-element elementor-element-854aa14 elementor-widget elementor-widget-text-editor\" data-id=\"854aa14\" data-element_type=\"widget\" data-e-type=\"widget\" data-widget_type=\"text-editor.default\">\n\t\t\t\t<div class=\"elementor-widget-container\">\n\t\t\t\t\t\t\t\t\t\n                <h2>Bienvenido a Bancos para todos<\/h2>\n<p>Las presentes condiciones de servicio establecen las normas de uso del sitio web de Banks For All.<\/p>\n<p>Bancos para todos se encuentra en:<\/p>\n    <address>\n  Brescia  <br>25030 &#8211; Lombardia , Italia\n<\/address>\n\n<p>Al acceder a este sitio web, asumimos que acepta \u00edntegramente estas condiciones de servicio. No siga utilizando  \n  Banks For All si no acepta todas las condiciones de servicio indicadas en esta p\u00e1gina.<\/p>\n<p>La siguiente terminolog\u00eda se aplica a estas Condiciones de servicio, Declaraci\u00f3n de privacidad y Aviso de exenci\u00f3n de responsabilidad y  \n  cualquiera o todos los Acuerdos: &#8220;Cliente&#8221;, &#8220;Usted&#8221; y &#8220;Su&#8221; se refieren a usted, la persona que accede a este sitio web\n  y aceptando las condiciones de servicio de la empresa. &#8220;La Empresa&#8221;, &#8220;Nosotros&#8221;, &#8220;Nos&#8221;, &#8220;Nuestro&#8221; y &#8220;Nos&#8221;, se refiere a\n  a nuestra empresa. &#8220;Parte&#8221;, &#8220;Partes&#8221;, o &#8220;Nosotros&#8221;, se refiere tanto al Cliente como a nosotros mismos, o bien al Cliente\n  o a nosotros mismos. Todos los t\u00e9rminos se refieren a la oferta, aceptaci\u00f3n y contraprestaci\u00f3n de pago necesarias para llevar a cabo\n  el proceso de nuestra asistencia al Cliente de la manera m\u00e1s adecuada, ya sea mediante reuniones formales\n  de duraci\u00f3n determinada, o cualquier otro medio, con el fin expreso de satisfacer las necesidades del Cliente en materia de\n  de prestaci\u00f3n de los servicios\/productos declarados de la empresa, de conformidad con la legislaci\u00f3n vigente y con sujeci\u00f3n a la misma.\n  de Italia. Cualquier uso de la terminolog\u00eda anterior u otras palabras en singular, plural,\n  las may\u00fasculas y\/o \u00e9l\/ella o ellos, se consideran intercambiables y, por lo tanto, se refieren a lo mismo.<\/p>\n\n<h2>Cookies<\/h2>\n<p>Utilizamos cookies. Al utilizar el sitio web de Banks For All usted acepta el uso de cookies\n  de acuerdo con la pol\u00edtica de privacidad de Banks For All.<\/p>\n<p>La mayor\u00eda de los sitios web interactivos actuales\n  utilizamos cookies para poder recuperar los datos del usuario en cada visita. Las cookies se utilizan en algunas \u00e1reas de nuestro sitio\n  para permitir la funcionalidad de esta zona y la facilidad de uso para las personas que la visiten. Algunos de nuestros\n  los afiliados \/ socios publicitarios tambi\u00e9n pueden utilizar cookies.<\/p>\n\n\n<h2>Licencia<\/h2>\n<p>A menos que se indique lo contrario, Banks For All y\/o sus licenciantes poseen los derechos de propiedad intelectual de\n  todo el material de Bancos para todos. Reservados todos los derechos de propiedad intelectual. Puede consultar y\/o imprimir\n  p\u00e1ginas de www.banks4all.eu\/ para su uso personal sujeto a las restricciones establecidas en estas condiciones de servicio.<\/p>\n<p>No debes hacerlo:<\/p>\n<ol>\n    <li>Volver a publicar material de www.banks4all.eu\/<\/li>\n    <li>Vender, alquilar o sublicenciar material de www.banks4all.eu\/<\/li>\n    <li>Reproducir, duplicar o copiar material de www.banks4all.eu\/<\/li>\n<\/ol>\n<p>Redistribuir el contenido de Bancos para todos (a menos que el contenido se haya creado espec\u00edficamente para su redistribuci\u00f3n).<\/p>\n\n\n<h2>Comentarios de los usuarios<\/h2>\n<ol>\n    <li>El presente Acuerdo entrar\u00e1 en vigor en la fecha del mismo.<\/li>\n    <li>Ciertas partes de este sitio web ofrecen a los usuarios la oportunidad de publicar e intercambiar opiniones e informaci\u00f3n,\n  material y datos (&#8220;Comentarios&#8221;) en zonas del sitio web. Bancos para todos no criba, edita, publica\n  o revisar los Comentarios antes de su aparici\u00f3n en el sitio web y los Comentarios no reflejan las opiniones o\n  opiniones de Bancos para Todos, sus agentes o afiliados. Los comentarios reflejan el punto de vista y la opini\u00f3n del\n  persona que publique dicha opini\u00f3n o punto de vista. En la medida en que lo permita la legislaci\u00f3n aplicable, Banks For All deber\u00e1\n  no ser\u00e1 responsable de los Comentarios ni de ninguna p\u00e9rdida, coste, responsabilidad, da\u00f1os o gastos causados\n  y o sufridos como resultado de cualquier uso y\/o publicaci\u00f3n y\/o aparici\u00f3n de los Comentarios en este\n  sitio web.<\/li>\n    <li>Bancos para Todos se reserva el derecho a supervisar todos los Comentarios y a eliminar cualquier Comentario que considere\n  a su absoluta discreci\u00f3n, sea inapropiada, ofensiva o infrinja de cualquier otro modo las presentes Condiciones de servicio.<\/li>\n    <li>Usted garantiza y declara que:\n        <ol>\n            <li>Usted tiene derecho a publicar los Comentarios en nuestro sitio web y dispone de todas las licencias y consentimientos necesarios para\n  hacerlo;<\/li>\n            <li>Los Comentarios no infringen ning\u00fan derecho de propiedad intelectual, incluidos, entre otros, los derechos de autor,\n  patentes o marcas comerciales, u otros derechos de propiedad de terceros;<\/li>\n            <li>Los Comentarios no contienen ning\u00fan material difamatorio, calumnioso, ofensivo, indecente o il\u00edcito por cualquier otro motivo.\n  o material que suponga una invasi\u00f3n de la intimidad<\/li>\n            <li>Los Comentarios no se utilizar\u00e1n para solicitar o promocionar negocios o costumbres ni para presentar actividades comerciales.\n  o actividad ilegal.<\/li>\n        <\/ol>\n    <\/li>\n    <li>Por la presente, usted concede a <strong>Banks For<\/strong> All una licencia no exclusiva y libre de regal\u00edas para utilizar, reproducir,\n  editar y autorizar a otros a utilizar, reproducir y editar cualquiera de sus Comentarios en todas y cada una de las formas, formatos\n  o medios de comunicaci\u00f3n.<\/li>\n<\/ol>\n<h2>Hiperv\u00ednculos a nuestro contenido<\/h2>\n<ol>\n    <li>Las siguientes organizaciones pueden enlazar con nuestro sitio web sin autorizaci\u00f3n previa por escrito:\n        <ol>\n            <li>Agencias gubernamentales;<\/li>\n            <li>Motores de b\u00fasqueda;<\/li>\n            <li>Organizaciones de noticias;<\/li>\n            <li>Los distribuidores de directorios en l\u00ednea, cuando nos incluyan en el directorio, podr\u00e1n enlazar con nuestro sitio web en el mismo\n  como hiperv\u00ednculos a los sitios web de otras empresas de la lista; y<\/li>\n            <li>Empresas acreditadas en todo el sistema, excepto organizaciones sin \u00e1nimo de lucro y centros comerciales ben\u00e9ficos,\n  y grupos ben\u00e9ficos de recaudaci\u00f3n de fondos que no pueden establecer hiperv\u00ednculos con nuestro sitio web.<\/li>\n        <\/ol>\n    <\/li>\n<\/ol>\n<ol start=\"2\">\n    <li>Estas organizaciones pueden enlazar con nuestra p\u00e1gina de inicio, con publicaciones o con otra informaci\u00f3n del sitio web siempre que\n  como enlace: (a) no es en modo alguno enga\u00f1osa; (b) no implique falsamente patrocinio, respaldo o\n  aprobaci\u00f3n de la parte enlazante y de sus productos o servicios; y (c) encaja en el contexto del enlace\n  del partido.\n    <\/li>\n    <li>Podemos considerar y aprobar a nuestra entera discreci\u00f3n otras solicitudes de enlace de los siguientes tipos de organizaciones:\n        <ol>\n            <li>fuentes de informaci\u00f3n sobre consumidores y\/o empresas com\u00fanmente conocidas, como C\u00e1maras de Comercio, American\n  Automobile Association, AARP y Consumers Union;<\/li>\n            <li>sitios de la comunidad punto.com;<\/li>\n            <li>asociaciones u otros grupos que representen a organizaciones ben\u00e9ficas, incluidos los sitios de donaciones ben\u00e9ficas,<\/li>\n            <li>distribuidores de directorios en l\u00ednea;<\/li>\n            <li>portales de internet;<\/li>\n            <li>empresas de contabilidad, derecho y consultor\u00eda cuyos principales clientes son empresas; y<\/li>\n            <li>instituciones educativas y asociaciones comerciales.<\/li>\n        <\/ol>\n    <\/li>\n<\/ol>\n<p>Aprobaremos las solicitudes de enlace de estas organizaciones si determinamos que (a) el enlace no reflejar\u00eda\n  desfavorablemente sobre nosotros o nuestros negocios acreditados (por ejemplo, asociaciones comerciales u otras organizaciones\n  que representen tipos de negocio intr\u00ednsecamente sospechosos, como las oportunidades de trabajo a domicilio, no estar\u00e1n permitidas\n  al enlace); (b)la organizaci\u00f3n no tiene un historial insatisfactorio con nosotros; (c) el beneficio que obtengamos de\n  la visibilidad asociada al hiperv\u00ednculo compensa la ausencia de Bancos para Todos; y (d) cuando el\n  el enlace se encuentra en el contexto de la informaci\u00f3n general sobre recursos o es coherente de otro modo con el contenido editorial\n  en un bolet\u00edn o producto similar que fomente la misi\u00f3n de la organizaci\u00f3n.<\/p>\n\n<p>Estas organizaciones pueden enlazar con nuestra p\u00e1gina de inicio, con publicaciones o con otra informaci\u00f3n del sitio web siempre que\n  el enlace: (a) no es en modo alguno enga\u00f1osa; (b) no implique falsamente patrocinio, respaldo o aprobaci\u00f3n\n  de la parte enlazante y sus productos o servicios; y (c) encaja en el contexto de la actividad de la parte enlazante\n  sitio.<\/p>\n\n<p>Si se encuentra entre las organizaciones enumeradas en el apartado 2 anterior y est\u00e1 interesado en establecer un enlace con nuestro sitio web,\n  debe notific\u00e1rnoslo enviando un correo electr\u00f3nico a <a href=\"mailto:info@banks4all.eu\" title=\"env\u00ede un correo electr\u00f3nico a info@banks4all.eu\">info@banks4all.eu.<\/a>\n  Por favor, incluya su nombre, el nombre de su organizaci\u00f3n, informaci\u00f3n de contacto (como un n\u00famero de tel\u00e9fono y \/ o correo electr\u00f3nico).\n  ), as\u00ed como la URL de su sitio, una lista de las URL desde las que pretende enlazar con nuestro sitio web,\n  y una lista de las URL de nuestro sitio a las que desea enlazar. La respuesta tardar\u00e1 de 2 a 3 semanas.<\/p>\n\n<p>Las organizaciones autorizadas pueden establecer hiperenlaces con nuestro sitio web de la siguiente manera:<\/p>\n\n<ol>\n    <li>Mediante el uso de nuestro nombre corporativo; o<\/li>\n    <li>Mediante el uso del localizador uniforme de recursos (direcci\u00f3n Web) al que se enlaza; o<\/li>\n    <li>Mediante el uso de cualquier otra descripci\u00f3n de nuestro sitio Web o material al que se enlace que tenga sentido dentro de la\n  el contexto y el formato del contenido del sitio de la parte enlazante.<\/li>\n<\/ol>\n<p>No se permitir\u00e1 el uso del logotipo u otras ilustraciones de Banks For All para enlaces sin una licencia de marca registrada.\n  acuerdo.<\/p>\n<h2>Iframes<\/h2>\n<p>Sin aprobaci\u00f3n previa y autorizaci\u00f3n expresa por escrito, no podr\u00e1 crear marcos alrededor de nuestras p\u00e1ginas Web o\n  utilizar otras t\u00e9cnicas que alteren de alg\u00fan modo la presentaci\u00f3n visual o la apariencia de nuestro sitio web.<\/p>\n<h2>Responsabilidad por contenidos<\/h2>\n<p>No seremos responsables de ning\u00fan contenido que aparezca en su sitio web. Usted se compromete a indemnizar\n  y defendernos contra todas las reclamaciones que surjan de o se basen en su Sitio Web. No podr\u00e1n aparecer enlaces en ning\u00fan\n  p\u00e1gina de su sitio Web o dentro de cualquier contexto que contenga contenidos o materiales que puedan interpretarse como\n  difamatorio, obsceno o delictivo, o que infrinja, viole de otro modo o propugne la infracci\u00f3n o la\n  cualquier otra violaci\u00f3n de los derechos de terceros.<\/p>\n<h2>Reserva de derechos<\/h2>\n<p>Nos reservamos el derecho, en cualquier momento y a su entera discreci\u00f3n, de solicitarle que elimine todos los enlaces o alguno en particular.\n  enlace a nuestro sitio web. Usted se compromete a eliminar inmediatamente todos los enlaces a nuestro sitio Web cuando se le solicite. Tambi\u00e9n\n  se reserva el derecho a modificar en cualquier momento las presentes condiciones de servicio y su pol\u00edtica de enlaces. Continuando\n  para enlazar con nuestro sitio Web, usted acepta estar obligado y cumplir estas condiciones de servicio de enlace.<\/p>\n<h2>Eliminaci\u00f3n de enlaces de nuestro sitio web<\/h2>\n<p>Si considera que alg\u00fan enlace de nuestro sitio web o alg\u00fan sitio web enlazado es objetable por cualquier motivo, puede ponerse en contacto con\n  sobre esto. Tendremos en cuenta las solicitudes de eliminaci\u00f3n de enlaces, pero no estaremos obligados a hacerlo ni a responder.\n  directamente a usted.<\/p>\n<p>Aunque nos esforzamos por garantizar que la informaci\u00f3n contenida en este sitio web sea correcta, no garantizamos que sea completa.\n  o exactitud; tampoco nos comprometemos a garantizar que el sitio web siga estando disponible o que el material del\n  El sitio web se mantiene actualizado.<\/p>\n<h2>Descargo de responsabilidad<\/h2>\n<p>En la medida m\u00e1xima permitida por la ley aplicable, excluimos todas las representaciones, garant\u00edas y condiciones relacionadas con nuestro sitio web y el uso de este sitio web (incluyendo, sin limitaci\u00f3n, cualquier garant\u00eda impl\u00edcita por ley con respecto a la calidad satisfactoria, idoneidad para el prop\u00f3sito y\/o el uso de cuidado y habilidad razonables). Nada de lo contenido en esta cl\u00e1usula de exenci\u00f3n de responsabilidad:<\/p>\n<ol>\n    <li>limitar o excluir nuestra responsabilidad o la suya en caso de fallecimiento o da\u00f1os personales resultantes de negligencia;<\/li>\n    <li>limitar o excluir nuestra responsabilidad o la suya por fraude o tergiversaci\u00f3n fraudulenta;<\/li>\n    <li>limitar cualquiera de nuestras responsabilidades o las suyas de cualquier forma que no est\u00e9 permitida por la legislaci\u00f3n aplicable; o<\/li>\n    <li>excluir cualquiera de nuestras responsabilidades o de las suyas que no puedan excluirse en virtud de la legislaci\u00f3n aplicable.<\/li>\n<\/ol>\n<p>Las limitaciones y exclusiones de responsabilidad establecidas en esta secci\u00f3n y en otras partes de esta cl\u00e1usula de exenci\u00f3n de responsabilidad: (a)\n  est\u00e1n sujetas a lo dispuesto en el p\u00e1rrafo anterior; y (b) regulan todas las responsabilidades derivadas de la renuncia o\n  en relaci\u00f3n con el objeto de la presente cl\u00e1usula de exenci\u00f3n de responsabilidad, incluidas las responsabilidades contractuales y extracontractuales.\n  (incluida la negligencia) y por incumplimiento de obligaciones legales.<\/p>\n<p>En la medida en que el sitio web y la informaci\u00f3n y los servicios que en \u00e9l se ofrecen son gratuitos,\n  no seremos responsables de ninguna p\u00e9rdida o da\u00f1o de cualquier naturaleza.<\/p><h2>Cr\u00e9ditos e informaci\u00f3n de contacto<\/h2>\n<p>Esta p\u00e1gina de Condiciones de servicio fue creada en <a style=\"color:inherit;text-decoration:none;cursor:text;\" href=\"https:\/\/privacyterms.io\/terms-conditions-generator\/\">privacyterms.io generador de t\u00e9rminos y condiciones<\/a>. Si tiene\n  Si tiene alguna duda sobre nuestras condiciones, p\u00f3ngase en contacto con nosotros.<\/p>            \t\t\t\t\t\t\t\t<\/div>\n\t\t\t\t<\/div>\n\t\t\t\t\t<\/div>\n\t\t\t\t<\/div>\n\t\t\t\t<\/div>\n\t\t","protected":false},"excerpt":{"rendered":"<p>Condiciones generales Bienvenido a Bancos para todos Las presentes condiciones de servicio establecen las normas de uso del sitio web de Banks For All. Bancos para todos se encuentra en: Brescia 25030 &#8211; Lombardia , Italia Al acceder a este sitio web, asumimos que acepta \u00edntegramente estas condiciones de servicio. No siga utilizando Banks For [&hellip;]<\/p>\n","protected":false},"author":1,"featured_media":0,"parent":0,"menu_order":0,"comment_status":"closed","ping_status":"closed","template":"","meta":{"om_disable_all_campaigns":false,"_monsterinsights_skip_tracking":false,"_monsterinsights_sitenote_active":false,"_monsterinsights_sitenote_note":"","_monsterinsights_sitenote_category":0,"footnotes":""},"categories":[],"class_list":["post-18741","page","type-page","status-publish","hentry"],"_links":{"self":[{"href":"https:\/\/www.banks4all.eu\/es\/wp-json\/wp\/v2\/pages\/18741","targetHints":{"allow":["GET"]}}],"collection":[{"href":"https:\/\/www.banks4all.eu\/es\/wp-json\/wp\/v2\/pages"}],"about":[{"href":"https:\/\/www.banks4all.eu\/es\/wp-json\/wp\/v2\/types\/page"}],"author":[{"embeddable":true,"href":"https:\/\/www.banks4all.eu\/es\/wp-json\/wp\/v2\/users\/1"}],"replies":[{"embeddable":true,"href":"https:\/\/www.banks4all.eu\/es\/wp-json\/wp\/v2\/comments?post=18741"}],"version-history":[{"count":3,"href":"https:\/\/www.banks4all.eu\/es\/wp-json\/wp\/v2\/pages\/18741\/revisions"}],"predecessor-version":[{"id":18746,"href":"https:\/\/www.banks4all.eu\/es\/wp-json\/wp\/v2\/pages\/18741\/revisions\/18746"}],"wp:attachment":[{"href":"https:\/\/www.banks4all.eu\/es\/wp-json\/wp\/v2\/media?parent=18741"}],"wp:term":[{"taxonomy":"category","embeddable":true,"href":"https:\/\/www.banks4all.eu\/es\/wp-json\/wp\/v2\/categories?post=18741"}],"curies":[{"name":"wp","href":"https:\/\/api.w.org\/{rel}","templated":true}]}}