{"id":18714,"date":"2022-01-18T14:14:48","date_gmt":"2022-01-18T14:14:48","guid":{"rendered":"https:\/\/www.banks4all.eu\/privacy-policy-2\/"},"modified":"2024-03-12T09:01:49","modified_gmt":"2024-03-12T08:01:49","slug":"privacy-policy-2","status":"publish","type":"page","link":"https:\/\/www.banks4all.eu\/es\/privacy-policy-2\/","title":{"rendered":"Pol\u00edtica de privacidad"},"content":{"rendered":"\n<h1 class=\"wp-block-heading\">Pol\u00edtica de privacidad<\/h1>\n\n<p><strong>Fecha de entrada en vigor: 12-03-2024<\/strong><\/p>\n\n<h3 class=\"wp-block-heading\">Su privacidad es importante para nosotros<\/h3>\n\n<pre class=\"wp-block-code\"><code>+39 327 7764333<\/code><\/pre>\n\n<p>La pol\u00edtica de Banks For All es respetar su privacidad con respecto a cualquier informaci\u00f3n que podamos recopilar durante el funcionamiento de nuestro sitio web. La presente Pol\u00edtica de Privacidad se aplica a <a href=\"https:\/\/www.banks4all.eu\/es\/\">www.banks4all.eu\/<\/a> (en lo sucesivo, &#8220;nosotros&#8221; o &#8220;www.banks4all.eu\/&#8221;). Respetamos su privacidad y nos comprometemos a proteger la informaci\u00f3n de identificaci\u00f3n personal que pueda facilitarnos a trav\u00e9s del sitio web. Hemos adoptado esta pol\u00edtica de privacidad (&#8220;Pol\u00edtica de privacidad&#8221;) para explicar qu\u00e9 informaci\u00f3n puede recopilarse en nuestro sitio web, c\u00f3mo utilizamos esta informaci\u00f3n y en qu\u00e9 circunstancias podemos revelarla a terceros. Esta Pol\u00edtica de Privacidad se aplica \u00fanicamente a la informaci\u00f3n que recopilamos a trav\u00e9s del Sitio Web y no se aplica a nuestra recopilaci\u00f3n de informaci\u00f3n de otras fuentes.<\/p>\n\n<p>Esta Pol\u00edtica de privacidad, junto con las Condiciones del servicio publicadas en nuestro Sitio web, establecen las normas y pol\u00edticas generales que rigen el uso de nuestro Sitio web. En funci\u00f3n de las actividades que realice al visitar nuestro sitio web, es posible que se le solicite que acepte condiciones de servicio adicionales.<\/p>\n\n<h2 class=\"wp-block-heading\" id=\"tableofcontents\">Contenido<\/h2>\n\n<p>Haga clic a continuaci\u00f3n para ir a cualquier secci\u00f3n de esta pol\u00edtica de privacidad<\/p>\n\n<ol class=\"wp-block-list\">\n<li><a href=\"#websitevisitors\"><strong>Visitantes del sitio web<\/strong><\/a><\/li>\n\n\n\n<li><a href=\"#PII\"><strong>Informaci\u00f3n de identificaci\u00f3n personal<\/strong><\/a><\/li>\n\n\n\n<li><a href=\"#Security\"><strong>Seguridad<\/strong><\/a><\/li>\n\n\n\n<li><a href=\"#Ads\"><strong>Anuncios<\/strong><\/a><\/li>\n\n\n\n<li><a href=\"#ExternalLinks\"><strong>Enlaces a sitios externos<\/strong><\/a><\/li>\n\n\n\n<li><a href=\"#PIIProtection\"><strong>Protecci\u00f3n de determinados datos personales<\/strong><\/a><\/li>\n\n\n\n<li><a href=\"#Stats\"><strong>Estad\u00edsticas agregadas<\/strong><\/a><\/li>\n\n\n\n<li><a href=\"#Affiliates\"><strong>Declaraci\u00f3n de afiliaci\u00f3n<\/strong><\/a><\/li>\n\n\n\n<li><a href=\"#Cookies\"><strong>Cookies<\/strong><\/a><\/li>\n\n\n\n<li><a href=\"#Ecommerce\"><strong>Comercio electr\u00f3nico<\/strong><\/a><\/li>\n\n\n\n<li><a href=\"#Changes\"><strong>Cambios en la pol\u00edtica de privacidad<\/strong><\/a><\/li>\n\n\n\n<li><a href=\"#Credit\"><strong>Informaci\u00f3n de contacto y cr\u00e9dito<\/strong><\/a><\/li>\n<\/ol>\n\n<h2 class=\"wp-block-heading\" id=\"websitevisitors\">1. Visitantes del sitio web<\/h2>\n\n<p>Al igual que la mayor\u00eda de los operadores de sitios web, Banks For All recopila informaci\u00f3n de identificaci\u00f3n no personal del tipo que los navegadores y servidores web suelen poner a disposici\u00f3n, como el tipo de navegador, la preferencia de idioma, el sitio de referencia y la fecha y hora de cada solicitud de visitante. El prop\u00f3sito de Banks For All al recopilar informaci\u00f3n de identificaci\u00f3n no personal es comprender mejor c\u00f3mo los visitantes de Banks For All utilizan su sitio web. De vez en cuando, Banks For All puede publicar informaci\u00f3n no personal en conjunto, por ejemplo, mediante la publicaci\u00f3n de un informe sobre las tendencias en el uso de su sitio web.<\/p>\n\n<p>Banks For All tambi\u00e9n recopila informaci\u00f3n de identificaci\u00f3n personal, como las direcciones IP de los usuarios registrados y de los usuarios que dejan comentarios en los blogs de https:\/\/www.banks4all.eu\/. Banks For All s\u00f3lo revela las direcciones IP de los usuarios registrados y de los comentaristas en las mismas circunstancias en que utiliza y divulga la informaci\u00f3n de identificaci\u00f3n personal que se describen a continuaci\u00f3n.<\/p>\n\n<p><a href=\"#tableofcontents\">Volver al \u00edndice<\/a><\/p>\n\n<h2 class=\"wp-block-heading\" id=\"PII\">2. Informaci\u00f3n de identificaci\u00f3n personal<\/h2>\n\n<p>Ciertos visitantes a los sitios web de Banks For All eligen interactuar con Banks For All de formas que requieren que Banks For All recopile informaci\u00f3n de identificaci\u00f3n personal. La cantidad y el tipo de informaci\u00f3n que Banks For All recopila depende de la naturaleza de la interacci\u00f3n. Por ejemplo, pedimos a los visitantes que dejan un comentario en https:\/\/www.banks4all.eu\/ que proporcionen un nombre de usuario y una direcci\u00f3n de correo electr\u00f3nico.<\/p>\n\n<p><a href=\"#tableofcontents\">Volver al \u00edndice<\/a><\/p>\n\n<h2 class=\"wp-block-heading\" id=\"Security\">3. Seguridad<\/h2>\n\n<p>La seguridad de sus datos personales es importante para nosotros, pero recuerde que ning\u00fan m\u00e9todo de transmisi\u00f3n por Internet o de almacenamiento electr\u00f3nico es seguro al 100%. Aunque nos esforzamos por utilizar medios comercialmente aceptables para proteger sus Datos Personales, no podemos garantizar su absoluta seguridad.<\/p>\n\n<p><a href=\"#tableofcontents\">Volver al \u00edndice<\/a><\/p>\n\n<h2 class=\"wp-block-heading\" id=\"Ads\">4. Anuncios<\/h2>\n\n<p>Los anuncios que aparecen en nuestro sitio web pueden ser enviados a los usuarios por socios publicitarios, que pueden instalar cookies. Estas cookies permiten al servidor de anuncios reconocer su ordenador cada vez que le env\u00edan un anuncio en l\u00ednea para recopilar informaci\u00f3n sobre usted u otras personas que utilizan su ordenador. Esta informaci\u00f3n permite a las redes publicitarias, entre otras cosas, ofrecer anuncios espec\u00edficos que creen que ser\u00e1n de mayor inter\u00e9s para usted. Esta Pol\u00edtica de Privacidad cubre el uso de cookies por parte de Banks For All y no cubre el uso de cookies por parte de ning\u00fan anunciante.<\/p>\n\n<p><a href=\"#tableofcontents\">Volver al \u00edndice<\/a><\/p>\n\n<h2 class=\"wp-block-heading\" id=\"ExternalLinks\">5. Enlaces a sitios externos<\/h2>\n\n<p>Nuestro Servicio puede contener enlaces a sitios externos que no son operados por nosotros. Si hace clic en un enlace de terceros, ser\u00e1 dirigido al sitio web de ese tercero. Le recomendamos encarecidamente que revise la pol\u00edtica de privacidad y las condiciones de servicio de cada sitio que visite.<\/p>\n\n<p>No tenemos ning\u00fan control ni asumimos ninguna responsabilidad por el contenido, las pol\u00edticas de privacidad o las pr\u00e1cticas de los sitios, productos o servicios de terceros.<\/p>\n\n<p><a href=\"#tableofcontents\">Volver al \u00edndice<\/a><\/p>\n\n<h2 class=\"wp-block-heading\" id=\"PIIProtection\">6. Protecci\u00f3n de determinados datos personales<\/h2>\n\n<p>Banks For All divulga informaci\u00f3n potencialmente identificable y de identificaci\u00f3n personal s\u00f3lo a aquellos de sus empleados, contratistas y organizaciones afiliadas que (i) necesitan conocer esa informaci\u00f3n para procesarla en nombre de Banks For All o para prestar los servicios disponibles en el sitio web de Banks For All, y (ii) que han acordado no divulgarla a terceros. Algunos de esos empleados, contratistas y organizaciones afiliadas pueden encontrarse fuera de su pa\u00eds de origen; al utilizar el sitio web de Banks For All, usted consiente en que se les transfiera dicha informaci\u00f3n. Banks For All no alquilar\u00e1 ni vender\u00e1 a nadie la informaci\u00f3n que pueda identificarle personalmente. Aparte de a sus empleados, contratistas y organizaciones afiliadas, como se describe anteriormente, Banks For All revela informaci\u00f3n potencialmente identificable y de identificaci\u00f3n personal s\u00f3lo en respuesta a una citaci\u00f3n, orden judicial u otra solicitud gubernamental, o cuando Banks For All cree de buena fe que la divulgaci\u00f3n es razonablemente necesaria para proteger los bienes o derechos de Banks For All, de terceros o del p\u00fablico en general.<\/p>\n\n<p>Si usted es un usuario registrado de https:\/\/www.banks4all.eu\/ y ha proporcionado su direcci\u00f3n de correo electr\u00f3nico, Banks For All puede enviarle ocasionalmente un correo electr\u00f3nico para informarle sobre nuevas caracter\u00edsticas, solicitar sus comentarios, o simplemente mantenerle al d\u00eda sobre lo que est\u00e1 pasando con Banks For All y nuestros productos. Utilizamos principalmente nuestro blog para comunicar este tipo de informaci\u00f3n, por lo que esperamos mantener este tipo de correo electr\u00f3nico al m\u00ednimo. Si nos env\u00eda una solicitud (por ejemplo, a trav\u00e9s de un correo electr\u00f3nico de asistencia o de uno de nuestros mecanismos de comentarios), nos reservamos el derecho a publicarla para ayudarnos a aclarar o responder a su solicitud o para ayudarnos a prestar asistencia a otros usuarios. Banks For All toma todas las medidas razonablemente necesarias para protegerse contra el acceso no autorizado, uso, alteraci\u00f3n o destrucci\u00f3n de informaci\u00f3n potencialmente identificable y de identificaci\u00f3n personal.<\/p>\n\n<p><a href=\"#tableofcontents\">Volver al \u00edndice<\/a><\/p>\n\n<h2 class=\"wp-block-heading\" id=\"Stats\">7. Estad\u00edsticas agregadas<\/h2>\n\n<p>Banks For All puede recopilar estad\u00edsticas sobre el comportamiento de los visitantes de su sitio web. Banks For All puede mostrar esta informaci\u00f3n p\u00fablicamente o facilitarla a terceros. Sin embargo, Banks For All no revela su informaci\u00f3n de identificaci\u00f3n personal.<\/p>\n\n<p><a href=\"#tableofcontents\">Volver al \u00edndice<\/a><\/p>\n\n<h2 class=\"wp-block-heading\" id=\"Affiliates\">8. Divulgaci\u00f3n de la afiliaci\u00f3n<\/h2>\n\n<p>Este sitio utiliza enlaces de afiliados y obtiene una comisi\u00f3n de ciertos enlaces. Esto no afecta a sus compras ni al precio que pueda pagar.<\/p>\n\n<p><a href=\"#tableofcontents\">Volver al \u00edndice<\/a><\/p>\n\n<h2 class=\"wp-block-heading\" id=\"Cookies\">9. Cookies<\/h2>\n\n<p>Para enriquecer y perfeccionar su experiencia en l\u00ednea, Banks For All utiliza &#8220;Cookies&#8221;, tecnolog\u00edas similares y servicios prestados por terceros para mostrar contenidos personalizados, publicidad adecuada y almacenar sus preferencias en su ordenador.<\/p>\n\n<p>Una cookie es una cadena de informaci\u00f3n que un sitio web almacena en el ordenador de un visitante, y que el navegador del visitante proporciona al sitio web cada vez que el visitante regresa. Banks For All utiliza cookies para ayudar a Banks For All a identificar y rastrear a los visitantes, su uso de https:\/\/www.banks4all.eu\/, y sus preferencias de acceso al sitio web. Los visitantes de Banks For All que no deseen que se coloquen cookies en sus ordenadores deben configurar sus navegadores para rechazar cookies antes de utilizar los sitios web de Banks For All, con el inconveniente de que ciertas caracter\u00edsticas de los sitios web de Banks For All pueden no funcionar correctamente sin la ayuda de cookies.<\/p>\n\n<p>Al continuar navegando por nuestro sitio web sin cambiar la configuraci\u00f3n de cookies, usted reconoce y acepta el uso de cookies por parte de Banks For All.<\/p>\n\n<p><a href=\"#tableofcontents\">Volver al \u00edndice<\/a><\/p>\n\n<h2 class=\"wp-block-heading\" id=\"Ecommerce\">10. Comercio electr\u00f3nico<\/h2>\n\n<p>Aquellos que participan en transacciones con Banks For All &#8211; mediante la compra de servicios o productos de Banks For All, se les pide que proporcionen informaci\u00f3n adicional, incluyendo, seg\u00fan sea necesario, la informaci\u00f3n personal y financiera necesaria para procesar dichas transacciones. En cada caso, Banks For All recopila dicha informaci\u00f3n s\u00f3lo en la medida en que sea necesaria o apropiada para cumplir con el prop\u00f3sito de la interacci\u00f3n del visitante con Banks For All. Banks For All no revela informaci\u00f3n de identificaci\u00f3n personal que no sea la descrita a continuaci\u00f3n. Y los visitantes siempre pueden negarse a facilitar informaci\u00f3n de identificaci\u00f3n personal, con la advertencia de que ello puede impedirles participar en determinadas actividades relacionadas con el sitio web.<\/p>\n\n<p><a href=\"#tableofcontents\">Volver al \u00edndice<\/a><\/p>\n\n<h2 class=\"wp-block-heading\" id=\"Changes\">11. Cambios en la pol\u00edtica de privacidad<\/h2>\n\n<p>Aunque es probable que la mayor\u00eda de los cambios sean menores, Banks For All puede cambiar su Pol\u00edtica de Privacidad de vez en cuando, y a la sola discreci\u00f3n de Banks For All. Banks For All anima a sus visitantes a consultar con frecuencia esta p\u00e1gina para comprobar si se han producido cambios en su Pol\u00edtica de Privacidad. Su uso continuado de este sitio despu\u00e9s de cualquier cambio en esta Pol\u00edtica de Privacidad constituir\u00e1 su aceptaci\u00f3n de dicho cambio.<\/p>\n\n<p><a href=\"#tableofcontents\">Volver al \u00edndice<\/a><\/p>\n\n<h2 class=\"wp-block-heading\" id=\"Credit\">12. Informaci\u00f3n de contacto y cr\u00e9dito<\/h2>\n\n<p>Esta pol\u00edtica de privacidad fue creada en <a href=\"https:\/\/privacyterms.io\/privacy-policy-generator\/\" target=\"_blank\" rel=\"noreferrer noopener\">privacyterms.io privacy policy generator<\/a>. Si tiene alguna pregunta sobre nuestra Pol\u00edtica de privacidad, p\u00f3ngase en contacto con nosotros por <a href=\"mailto:info@banks4all.eu\">correo electr\u00f3nico<\/a> o por <a href=\"tel:+39%20327%207764333\">tel\u00e9fono<\/a>.<\/p>\n\n<p><a href=\"#tableofcontents\">Volver al \u00edndice<\/a><\/p>\n","protected":false},"excerpt":{"rendered":"<p>Pol\u00edtica de privacidad Fecha de entrada en vigor: 12-03-2024 Su privacidad es importante para nosotros La pol\u00edtica de Banks For All es respetar su privacidad con respecto a cualquier informaci\u00f3n que podamos recopilar durante el funcionamiento de nuestro sitio web. La presente Pol\u00edtica de Privacidad se aplica a www.banks4all.eu\/ (en lo sucesivo, &#8220;nosotros&#8221; o &#8220;www.banks4all.eu\/&#8221;). [&hellip;]<\/p>\n","protected":false},"author":1,"featured_media":0,"parent":0,"menu_order":0,"comment_status":"closed","ping_status":"open","template":"","meta":{"om_disable_all_campaigns":false,"_monsterinsights_skip_tracking":false,"_monsterinsights_sitenote_active":false,"_monsterinsights_sitenote_note":"","_monsterinsights_sitenote_category":0,"footnotes":""},"categories":[],"class_list":["post-18714","page","type-page","status-publish","hentry"],"_links":{"self":[{"href":"https:\/\/www.banks4all.eu\/es\/wp-json\/wp\/v2\/pages\/18714","targetHints":{"allow":["GET"]}}],"collection":[{"href":"https:\/\/www.banks4all.eu\/es\/wp-json\/wp\/v2\/pages"}],"about":[{"href":"https:\/\/www.banks4all.eu\/es\/wp-json\/wp\/v2\/types\/page"}],"author":[{"embeddable":true,"href":"https:\/\/www.banks4all.eu\/es\/wp-json\/wp\/v2\/users\/1"}],"replies":[{"embeddable":true,"href":"https:\/\/www.banks4all.eu\/es\/wp-json\/wp\/v2\/comments?post=18714"}],"version-history":[{"count":2,"href":"https:\/\/www.banks4all.eu\/es\/wp-json\/wp\/v2\/pages\/18714\/revisions"}],"predecessor-version":[{"id":18719,"href":"https:\/\/www.banks4all.eu\/es\/wp-json\/wp\/v2\/pages\/18714\/revisions\/18719"}],"wp:attachment":[{"href":"https:\/\/www.banks4all.eu\/es\/wp-json\/wp\/v2\/media?parent=18714"}],"wp:term":[{"taxonomy":"category","embeddable":true,"href":"https:\/\/www.banks4all.eu\/es\/wp-json\/wp\/v2\/categories?post=18714"}],"curies":[{"name":"wp","href":"https:\/\/api.w.org\/{rel}","templated":true}]}}