{"id":18546,"date":"2024-03-08T21:36:19","date_gmt":"2024-03-08T20:36:19","guid":{"rendered":"https:\/\/www.banks4all.eu\/mortgage-loans-consultation\/"},"modified":"2024-03-16T22:41:56","modified_gmt":"2024-03-16T21:41:56","slug":"mortgage-loans-consultation","status":"publish","type":"page","link":"https:\/\/www.banks4all.eu\/es\/mortgage-loans-consultation\/","title":{"rendered":"Consulta de pr\u00e9stamos hipotecarios"},"content":{"rendered":"\t\t<div data-elementor-type=\"wp-page\" data-elementor-id=\"18546\" class=\"elementor elementor-18546 elementor-18522\">\n\t\t\t\t\t\t<section class=\"elementor-section elementor-top-section elementor-element elementor-element-c650c9f elementor-section-full_width elementor-section-height-default elementor-section-height-default\" data-id=\"c650c9f\" data-element_type=\"section\" data-e-type=\"section\">\n\t\t\t\t\t\t<div class=\"elementor-container elementor-column-gap-no\">\n\t\t\t\t\t<div class=\"elementor-column elementor-col-100 elementor-top-column elementor-element elementor-element-af65d94\" data-id=\"af65d94\" data-element_type=\"column\" data-e-type=\"column\">\n\t\t\t<div class=\"elementor-widget-wrap elementor-element-populated\">\n\t\t\t\t\t\t<div class=\"elementor-element elementor-element-e40b411 elementor-widget elementor-widget-witr_swiper_slider\" data-id=\"e40b411\" data-element_type=\"widget\" data-e-type=\"widget\" data-widget_type=\"witr_swiper_slider.default\">\n\t\t\t\t<div class=\"elementor-widget-container\">\n\t\t\t\t\t\t\t\t\t\t<!-- Swiper -->\n\t\t\t<div class=\"witr_swiper_area\">\n\t\t\t\t<div class=\"swiper-container witr_active_id5 \"dir=\"ltr\">\n\t\t\t\t\t<div class=\"swiper-wrapper\" >\n\t\t\t\t\t\t\t\t\n\t\t\t\t\t    <div class=\"swiper-slide d1 t1 m1 witr_swiper_height\"  style=\"background-image:url(https:\/\/www.banks4all.eu\/wp-content\/uploads\/2023\/12\/top-view-of-multicultural-team-discussing-business-2023-11-27-05-28-57-utc-scaled.jpg);\">\n\t\t\t\t\t\t\t<!-- witr_show_animate -->\n\t\t\t\t\t\t\t\t\t\t\t\t\t\n\t\t\t\t\t\t\n\t\t\t\t\t\t\t<div class=\"witr_sw_text_area text-left\">\n\t\t\t\t\t\t\t\t<div class=\"witr_swiper_content \">\n\t\t\t\t\t\t\t\t\t\t\t\t\t\t\t\t\t\n\t\t\t\t\t\t\t\t\t<!-- title -->\n\t\t\t\t\t\t\t\t\t\t\t\t\t\t\t\t\t\t\t<h1>Solicite una consulta gratuita<\/h1>\n\t\t\t\t\t\t\t\t\t\t\t\t\t\t\t\t\t\t<!-- title 2 -->\n\t\t\t\t\t\t\t\t\t\t\t\t\t\t\t\t\t\t\t<h2>Hipotecas Online: Compara ofertas y selecciona la mejor opci\u00f3n para ti!<\/h2>\n\t\t\t\t\t\t\t\t\t\t\t\t\t\t\t\t\t\t<!-- title 3 -->\n\t\t\t\t\t\t\t\t\t\t\t\t\t\t\t\t\t\t<!-- content -->\n\t\t\t\t\t\t\t\t\t\t\t\t\t\t\t\t\t\t\t<p>Nuestros servicios que se adaptan a tus necesidades<\/p>\n\t\t\t\t\t\t\t\t\t\t\t\t\t\t\t\t\t\t\t\t\t\t\n\t\t\t\t\t\t\t\t\t<!-- inner title -->\n\t\t\t\t\t\t\t\t\t\t\t\t\t\t\t\t\t\t\n\t\t\t\t\t\t\t\t\t\n\t\t\t\t\t\t\t\t\t\n\t\t\t\t\t\t\t\t\t<!-- btn gradient style -->\n\t\t\t\t\t\t\t\t\t<div class=\"slider_btn\">\n\t\t\t\t\t\t\t\t\t\t<div class=\"witr_btn_style\">\n\t\t\t\t\t\t\t\t\t\t\t<div class=\"witr_btn_sinner\">\n\t\t\t\t\t\t\t\t\t\t\t\t<!-- button -->\n\t\t\t\t\t\t\t\t\t\t\t\t\n\t\t\t\t\t\t\t\t\t\t\t\t<!-- video button 2 -->\n\t\t\t\t\t\t\t\t\t\t\t\t\n\t\t\t\t\t\t\t\t\t\t\t\t<!-- Circle video button Style -->\n\t\t\t\t\t\t\t\t\t\t\t\t\t\t\t\t\t\t\t\t\t\t\t\t\n\t\t\t\t\t\t\t\t\t\t\t<\/div>\n\t\t\t\t\t\t\t\t\t\t<\/div>\n\t\t\t\t\t\t\t\t\t<\/div>\n\t\t\t\t\t\t\t\t\t<!-- social -->\n\t\t\t\t\t\t\t\t\t<!-- social -->\n\t\t\t\t\t\t\t\t\t\t\t\t\t\t\t\t\t\t\n\t\t\t\t\t\t\t\t\t\n\t\t\t\t\t\t\t\t\t\n\t\t\t\t\t\t\t\t<\/div>\n\t\t\t\t\t\t\t\t\t\n\t\t\t\t\t\t\t\t<!-- slider thumb image -->\n\t\t\t\t\t\t\t\t\n\t\t\t\t\t\n\t\t\t\t\t\t\t\t<!-- video icon -->\n\t\t\t\t\t\t\t\t\t\t\t\t\t\t\t\t\t\n\t\n\t\t\t\t\t\t\t<\/div>\n\t\t\t\t\t\t\t\n\t\t\t\t\t\t<\/div>\n\t\t\t\t\t  \n\t\t\t\t\t\t\t\t\t\t\t\n\t\t\t\t\t<\/div>\n\t\t\t\t\t<!-- Add Pagination -->\n\t\t\t\t\t<div class=\"swiper-scrollbar\"><\/div>\n\t\t\t\t\t<div class=\"swiper-pagination\"><\/div>\n\t\t\t\t\t<div class=\"swiper-buttonf-next \"><\/div>\n\t\t\t\t\t<div class=\"swiper-buttonf-prev\"><\/div>\t\t\t\t\t\n\t\t\t\t<\/div>\n\t\t\t<\/div>\t\t\n\t\t\n\n\t\t\t<script type='text\/javascript'>\n\t\t\t\tjQuery(function($){\n\n\t\t\t\t   new Swiper('.witr_active_id5', {\n\t\t\t\t\t\teffect: 'defult',\n\t\t\t\t\t\tgrabCursor: false,\n\t\t\t\t\t\tspeed: 2000,\n\t\t\t\t\t\tdirection: 'horizontal',\n\t\t\t\t\t\t\t\t\t\t\t\t\tslidesPerView: 1,\n\t\t\t\t\t\t\t\t\t\t\t\t\t\t\t\t\t\t\tspaceBetween: 30,\n\t\t\t\t\t\t\t\t\t\t\t\tfreeMode: false,\n\t\t\t\t\t\tmousewheel: false,\n\t\t\t\t\t\tkeyboard: false,\n\t\t\t\t\t\tloop: false,\n\t\t\t\t\t\t\t\t\t\t\t\tautoplay: {\n\t\t\t\t\t\t\tdelay: 8000,\t\t\t\t\t\t\t\t  \n\t\t\t\t\t\t\tdisableOnInteraction: false,\n\t\t\t\t\t\t},\n\t\t\t\t\t\t  pagination: {\n\t\t\t\t\t\t\tel: '.swiper-pagination',\n\t\t\t\t\t\t\tclickable: true,\n\t\t\t\t\t\t\ttype: 'progressbar',\n\t\t\t\t\t\t  },\n\t\t\t\t\t\t  navigation: {\n\t\t\t\t\t\t\tnextEl: '.swiper-button-next',\n\t\t\t\t\t\t\tprevEl: '.swiper-button-prev',\n\t\t\t\t\t\t  },\n\t\t\t\t\t\t  scrollbar: {\n\t\t\t\t\t\t\tel: '.scrollbar_false',\n\t\t\t\t\t\t\thide: true,\n\t\t\t\t\t\t  },\t\t\t\t\t  \n\t\t\t\t\t\t  \n \n\t\t\t\t\t\t  \n\t\t\t\t\t});\n\n\t\t\t\t});\t\t\t\t\t\t\n\t\t\t\t\n\t\t\t<\/script>\t\t\t\t\t\t\t\n\t\t\t\t\t\t<\/div>\n\t\t\t\t<\/div>\n\t\t\t\t\t<\/div>\n\t\t<\/div>\n\t\t\t\t\t<\/div>\n\t\t<\/section>\n\t\t\t\t<section class=\"elementor-section elementor-top-section elementor-element elementor-element-3052fc6 elementor-section-boxed elementor-section-height-default elementor-section-height-default\" data-id=\"3052fc6\" data-element_type=\"section\" data-e-type=\"section\">\n\t\t\t\t\t\t<div class=\"elementor-container elementor-column-gap-default\">\n\t\t\t\t\t<div class=\"elementor-column elementor-col-100 elementor-top-column elementor-element elementor-element-f2afb11\" data-id=\"f2afb11\" data-element_type=\"column\" data-e-type=\"column\">\n\t\t\t<div class=\"elementor-widget-wrap elementor-element-populated\">\n\t\t\t\t\t\t<section class=\"elementor-section elementor-inner-section elementor-element elementor-element-3e9155f elementor-section-boxed elementor-section-height-default elementor-section-height-default\" data-id=\"3e9155f\" data-element_type=\"section\" data-e-type=\"section\">\n\t\t\t\t\t\t<div class=\"elementor-container elementor-column-gap-default\">\n\t\t\t\t\t<div class=\"elementor-column elementor-col-25 elementor-inner-column elementor-element elementor-element-50016b3\" data-id=\"50016b3\" data-element_type=\"column\" data-e-type=\"column\">\n\t\t\t<div class=\"elementor-widget-wrap elementor-element-populated\">\n\t\t\t\t\t\t<div class=\"elementor-element elementor-element-3dda080 elementor-widget elementor-widget-witr_section_service\" data-id=\"3dda080\" data-element_type=\"widget\" data-e-type=\"widget\" data-widget_type=\"witr_section_service.default\">\n\t\t\t\t<div class=\"elementor-widget-container\">\n\t\t\t\t\t\n\t\t<div class=\"witr_service_3d witr_service_con_3d witr_service_flip_up\">\n\t\t\t<div class=\"witr_single_service_3d all_color_service text-center \">\n\t\t\t\t<!-- fontent -->\n\t\t\t\t<div class=\"witr_service_front_3d\">\n\t\t\t\t\t<div class=\"witr_service_position\">\n\t\t\t\t\t\t<div class=\"witr_service_content_3d \">\n\t\t\t\t\t\t\t<div class=\"witr_service_icon_3d all_icon_color\">\n\t\t\t\t\t\t\t\t<!-- icon -->\n\t\t\t\t\t\t\t\t\t\t\t\t\t\t\t\t\t<i class=\"ti ti-lock\"><\/i>\n\t\t\t\t\t\t\t\t\t\t\t\t\t\t\t\t<!-- custom icon -->\n\t\t\t\t\t\t\t\t\t\t\t\t\n\t\t\t\t\t\t\t\t<!-- image -->\n\t\t\t\t\t\t\t\t\t\t\t\t\t\t\n\t\t\t\t\t\t\t<\/div>\n\t\t\t\t\t\t\t<!-- title -->\n\t\t\t\t\t\t\t\t\t\t\t\t\t\t \n\t\t\t\t\t\t\t\t<h3><a href=\"#\">Transferencia de dinero<\/a><\/h3>\n\t\t\t\t\t\t\t\t\t\t\t\t\t\t\t\t\t\t\t\t\t<!-- content -->\n\t\t\t\t\t\t\t\t\t\t\t\t\t\n\t\t\t\t\t\t<\/div>\n\t\t\t\t\t\t<!-- button -->\n\t\t\t\t\t\t\t\n\t\t\t\t\t<\/div>\n\t\t\t\t<\/div>\n\t\t\t\t<!-- bekend -->\n\t\t\t\t<div class=\"witr_service_back_3d\">\n\t\t\t\t\t<div class=\"witr_service_position \">\n\t\t\t\t\t\t<div class=\"witr_service_content_3d\">\n\t\t\t\t\t\t\t<div class=\"witr_service_icon_3d all_icon_color\">\n\t\t\t\t\t\t\t\t<!-- icon -->\n\t\t\t\t\t\t\t\t\t\t\t\t\t\t\t\t<!-- custom icon -->\n\t\t\t\t\t\t\t\t\t\t\t\t\n\t\t\t\t\t\t\t\t<!-- image -->\n\t\t\t\t\t\t\t\t\t\t\t\t\t\t\n\t\t\t\t\t\t\t<\/div>\n\t\t\t\t\t\t\t<!-- title -->\n\t\t\t\t\t\t\t\t\t\t\t\t\t\t \n\t\t\t\t\t\t\t\t<h3><a href=\"#\">Solicite una consulta gratuita<\/a><\/h3>\n\t\t\t\t\t\t\t\t\t\t\t\t\t\t\t\t\t\t\t\t\t<!-- content -->\n\t\t\t\t\t\t\t\t\t\t\t\t\t\n\t\t\t\t\t\t<\/div>\n\t\t\t\t\t\t\n\t\t\t\t\t\t<!-- button -->\n\t\t\t\t\t\t\t\t\t\t\t\t\t<div class=\"witr_service_btn_3d\">\n\t\t\t\t\t\t\t<a href=\"#\"><i class=\"icofont-arrow-right\"><\/i><\/a>\n\t\t\t\t\t\t\t<\/div>\n\t\t\t\t\t\t\t\t\t\t\t\n\t\t\t\t\t\t\n\t\t\t\t\t<\/div>\n\t\t\t\t<\/div>\n\t\t\t<\/div>\n\t\t<\/div>\n\t\t\t\t\n\n\t\t\t\t\t\t<\/div>\n\t\t\t\t<\/div>\n\t\t\t\t\t<\/div>\n\t\t<\/div>\n\t\t\t\t<div class=\"elementor-column elementor-col-25 elementor-inner-column elementor-element elementor-element-c1ed1cb\" data-id=\"c1ed1cb\" data-element_type=\"column\" data-e-type=\"column\">\n\t\t\t<div class=\"elementor-widget-wrap elementor-element-populated\">\n\t\t\t\t\t\t<div class=\"elementor-element elementor-element-9c96eb7 elementor-widget elementor-widget-witr_section_service\" data-id=\"9c96eb7\" data-element_type=\"widget\" data-e-type=\"widget\" data-widget_type=\"witr_section_service.default\">\n\t\t\t\t<div class=\"elementor-widget-container\">\n\t\t\t\t\t\n\t\t<div class=\"witr_service_3d witr_service_con_3d witr_service_flip_up\">\n\t\t\t<div class=\"witr_single_service_3d all_color_service text-center \">\n\t\t\t\t<!-- fontent -->\n\t\t\t\t<div class=\"witr_service_front_3d\">\n\t\t\t\t\t<div class=\"witr_service_position\">\n\t\t\t\t\t\t<div class=\"witr_service_content_3d \">\n\t\t\t\t\t\t\t<div class=\"witr_service_icon_3d all_icon_color\">\n\t\t\t\t\t\t\t\t<!-- icon -->\n\t\t\t\t\t\t\t\t\t\t\t\t\t\t\t\t\t<i class=\"ti ti-headphone\"><\/i>\n\t\t\t\t\t\t\t\t\t\t\t\t\t\t\t\t<!-- custom icon -->\n\t\t\t\t\t\t\t\t\t\t\t\t\n\t\t\t\t\t\t\t\t<!-- image -->\n\t\t\t\t\t\t\t\t\t\t\t\t\t\t\n\t\t\t\t\t\t\t<\/div>\n\t\t\t\t\t\t\t<!-- title -->\n\t\t\t\t\t\t\t\t\t\t\t\t\t\t \n\t\t\t\t\t\t\t\t<h3><a href=\"#\">Seguro de Autos<\/a><\/h3>\n\t\t\t\t\t\t\t\t\t\t\t\t\t\t\t\t\t\t\t\t\t<!-- content -->\n\t\t\t\t\t\t\t\t\t\t\t\t\t\n\t\t\t\t\t\t<\/div>\n\t\t\t\t\t\t<!-- button -->\n\t\t\t\t\t\t\t\n\t\t\t\t\t<\/div>\n\t\t\t\t<\/div>\n\t\t\t\t<!-- bekend -->\n\t\t\t\t<div class=\"witr_service_back_3d\">\n\t\t\t\t\t<div class=\"witr_service_position \">\n\t\t\t\t\t\t<div class=\"witr_service_content_3d\">\n\t\t\t\t\t\t\t<div class=\"witr_service_icon_3d all_icon_color\">\n\t\t\t\t\t\t\t\t<!-- icon -->\n\t\t\t\t\t\t\t\t\t\t\t\t\t\t\t\t<!-- custom icon -->\n\t\t\t\t\t\t\t\t\t\t\t\t\n\t\t\t\t\t\t\t\t<!-- image -->\n\t\t\t\t\t\t\t\t\t\t\t\t\t\t\n\t\t\t\t\t\t\t<\/div>\n\t\t\t\t\t\t\t<!-- title -->\n\t\t\t\t\t\t\t\t\t\t\t\t\t\t \n\t\t\t\t\t\t\t\t<h3><a href=\"#\">Solicite una consulta gratuita<\/a><\/h3>\n\t\t\t\t\t\t\t\t\t\t\t\t\t\t\t\t\t\t\t\t\t<!-- content -->\n\t\t\t\t\t\t\t\t\t\t\t\t\t\n\t\t\t\t\t\t<\/div>\n\t\t\t\t\t\t\n\t\t\t\t\t\t<!-- button -->\n\t\t\t\t\t\t\t\t\t\t\t\t\t<div class=\"witr_service_btn_3d\">\n\t\t\t\t\t\t\t<a href=\"#\"><i class=\"icofont-arrow-right\"><\/i><\/a>\n\t\t\t\t\t\t\t<\/div>\n\t\t\t\t\t\t\t\t\t\t\t\n\t\t\t\t\t\t\n\t\t\t\t\t<\/div>\n\t\t\t\t<\/div>\n\t\t\t<\/div>\n\t\t<\/div>\n\t\t\t\t\n\n\t\t\t\t\t\t<\/div>\n\t\t\t\t<\/div>\n\t\t\t\t\t<\/div>\n\t\t<\/div>\n\t\t\t\t<div class=\"elementor-column elementor-col-25 elementor-inner-column elementor-element elementor-element-60bdad3\" data-id=\"60bdad3\" data-element_type=\"column\" data-e-type=\"column\">\n\t\t\t<div class=\"elementor-widget-wrap elementor-element-populated\">\n\t\t\t\t\t\t<div class=\"elementor-element elementor-element-673cb87 elementor-widget elementor-widget-witr_section_service\" data-id=\"673cb87\" data-element_type=\"widget\" data-e-type=\"widget\" data-widget_type=\"witr_section_service.default\">\n\t\t\t\t<div class=\"elementor-widget-container\">\n\t\t\t\t\t\n\t\t<div class=\"witr_service_3d witr_service_con_3d witr_service_flip_up\">\n\t\t\t<div class=\"witr_single_service_3d all_color_service text-center \">\n\t\t\t\t<!-- fontent -->\n\t\t\t\t<div class=\"witr_service_front_3d\">\n\t\t\t\t\t<div class=\"witr_service_position\">\n\t\t\t\t\t\t<div class=\"witr_service_content_3d \">\n\t\t\t\t\t\t\t<div class=\"witr_service_icon_3d all_icon_color\">\n\t\t\t\t\t\t\t\t<!-- icon -->\n\t\t\t\t\t\t\t\t\t\t\t\t\t\t\t\t\t<i class=\"ti ti-blackboard\"><\/i>\n\t\t\t\t\t\t\t\t\t\t\t\t\t\t\t\t<!-- custom icon -->\n\t\t\t\t\t\t\t\t\t\t\t\t\n\t\t\t\t\t\t\t\t<!-- image -->\n\t\t\t\t\t\t\t\t\t\t\t\t\t\t\n\t\t\t\t\t\t\t<\/div>\n\t\t\t\t\t\t\t<!-- title -->\n\t\t\t\t\t\t\t\t\t\t\t\t\t\t \n\t\t\t\t\t\t\t\t<h3><a href=\"https:\/\/www.banks4all.eu\/es\/personal-loans-consultation\/\">Pr\u00e9stamos personales<\/a><\/h3>\n\t\t\t\t\t\t\t\t\t\t\t\t\t\t\t\t\t\t\t\t\t<!-- content -->\n\t\t\t\t\t\t\t\t\t\t\t\t\t\n\t\t\t\t\t\t<\/div>\n\t\t\t\t\t\t<!-- button -->\n\t\t\t\t\t\t\t\n\t\t\t\t\t<\/div>\n\t\t\t\t<\/div>\n\t\t\t\t<!-- bekend -->\n\t\t\t\t<div class=\"witr_service_back_3d\">\n\t\t\t\t\t<div class=\"witr_service_position \">\n\t\t\t\t\t\t<div class=\"witr_service_content_3d\">\n\t\t\t\t\t\t\t<div class=\"witr_service_icon_3d all_icon_color\">\n\t\t\t\t\t\t\t\t<!-- icon -->\n\t\t\t\t\t\t\t\t\t\t\t\t\t\t\t\t<!-- custom icon -->\n\t\t\t\t\t\t\t\t\t\t\t\t\n\t\t\t\t\t\t\t\t<!-- image -->\n\t\t\t\t\t\t\t\t\t\t\t\t\t\t\n\t\t\t\t\t\t\t<\/div>\n\t\t\t\t\t\t\t<!-- title -->\n\t\t\t\t\t\t\t\t\t\t\t\t\t\t \n\t\t\t\t\t\t\t\t<h3><a href=\"https:\/\/www.banks4all.eu\/es\/personal-loans-consultation\/\">Solicite una consulta gratuita<\/a><\/h3>\n\t\t\t\t\t\t\t\t\t\t\t\t\t\t\t\t\t\t\t\t\t<!-- content -->\n\t\t\t\t\t\t\t\t\t\t\t\t\t\n\t\t\t\t\t\t<\/div>\n\t\t\t\t\t\t\n\t\t\t\t\t\t<!-- button -->\n\t\t\t\t\t\t\t\t\t\t\t\t\t<div class=\"witr_service_btn_3d\">\n\t\t\t\t\t\t\t<a href=\"#\"><i class=\"icofont-arrow-right\"><\/i><\/a>\n\t\t\t\t\t\t\t<\/div>\n\t\t\t\t\t\t\t\t\t\t\t\n\t\t\t\t\t\t\n\t\t\t\t\t<\/div>\n\t\t\t\t<\/div>\n\t\t\t<\/div>\n\t\t<\/div>\n\t\t\t\t\n\n\t\t\t\t\t\t<\/div>\n\t\t\t\t<\/div>\n\t\t\t\t\t<\/div>\n\t\t<\/div>\n\t\t\t\t<div class=\"elementor-column elementor-col-25 elementor-inner-column elementor-element elementor-element-819813d\" data-id=\"819813d\" data-element_type=\"column\" data-e-type=\"column\">\n\t\t\t<div class=\"elementor-widget-wrap elementor-element-populated\">\n\t\t\t\t\t\t<div class=\"elementor-element elementor-element-20b2680 elementor-widget elementor-widget-witr_section_service\" data-id=\"20b2680\" data-element_type=\"widget\" data-e-type=\"widget\" data-widget_type=\"witr_section_service.default\">\n\t\t\t\t<div class=\"elementor-widget-container\">\n\t\t\t\t\t\n\t\t<div class=\"witr_service_3d witr_service_con_3d witr_service_flip_up\">\n\t\t\t<div class=\"witr_single_service_3d all_color_service text-center \">\n\t\t\t\t<!-- fontent -->\n\t\t\t\t<div class=\"witr_service_front_3d\">\n\t\t\t\t\t<div class=\"witr_service_position\">\n\t\t\t\t\t\t<div class=\"witr_service_content_3d \">\n\t\t\t\t\t\t\t<div class=\"witr_service_icon_3d all_icon_color\">\n\t\t\t\t\t\t\t\t<!-- icon -->\n\t\t\t\t\t\t\t\t\t\t\t\t\t\t\t\t\t<i class=\"ti ti-alarm-clock\"><\/i>\n\t\t\t\t\t\t\t\t\t\t\t\t\t\t\t\t<!-- custom icon -->\n\t\t\t\t\t\t\t\t\t\t\t\t\n\t\t\t\t\t\t\t\t<!-- image -->\n\t\t\t\t\t\t\t\t\t\t\t\t\t\t\n\t\t\t\t\t\t\t<\/div>\n\t\t\t\t\t\t\t<!-- title -->\n\t\t\t\t\t\t\t\t\t\t\t\t\t\t \n\t\t\t\t\t\t\t\t<h3><a href=\"https:\/\/www.banks4all.eu\/es\/pakisntai-comunity-bank-accounts\/\">Nueva cuenta bancaria<\/a><\/h3>\n\t\t\t\t\t\t\t\t\t\t\t\t\t\t\t\t\t\t\t\t\t<!-- content -->\n\t\t\t\t\t\t\t\t\t\t\t\t\t\n\t\t\t\t\t\t<\/div>\n\t\t\t\t\t\t<!-- button -->\n\t\t\t\t\t\t\t\n\t\t\t\t\t<\/div>\n\t\t\t\t<\/div>\n\t\t\t\t<!-- bekend -->\n\t\t\t\t<div class=\"witr_service_back_3d\">\n\t\t\t\t\t<div class=\"witr_service_position \">\n\t\t\t\t\t\t<div class=\"witr_service_content_3d\">\n\t\t\t\t\t\t\t<div class=\"witr_service_icon_3d all_icon_color\">\n\t\t\t\t\t\t\t\t<!-- icon -->\n\t\t\t\t\t\t\t\t\t\t\t\t\t\t\t\t<!-- custom icon -->\n\t\t\t\t\t\t\t\t\t\t\t\t\n\t\t\t\t\t\t\t\t<!-- image -->\n\t\t\t\t\t\t\t\t\t\t\t\t\t\t\n\t\t\t\t\t\t\t<\/div>\n\t\t\t\t\t\t\t<!-- title -->\n\t\t\t\t\t\t\t\t\t\t\t\t\t\t \n\t\t\t\t\t\t\t\t<h3><a href=\"https:\/\/www.banks4all.eu\/es\/pakisntai-comunity-bank-accounts\/\">Solicite una consulta gratuita<\/a><\/h3>\n\t\t\t\t\t\t\t\t\t\t\t\t\t\t\t\t\t\t\t\t\t<!-- content -->\n\t\t\t\t\t\t\t\t\t\t\t\t\t\n\t\t\t\t\t\t<\/div>\n\t\t\t\t\t\t\n\t\t\t\t\t\t<!-- button -->\n\t\t\t\t\t\t\t\t\t\t\t\t\t<div class=\"witr_service_btn_3d\">\n\t\t\t\t\t\t\t<a href=\"#\"><i class=\"icofont-arrow-right\"><\/i><\/a>\n\t\t\t\t\t\t\t<\/div>\n\t\t\t\t\t\t\t\t\t\t\t\n\t\t\t\t\t\t\n\t\t\t\t\t<\/div>\n\t\t\t\t<\/div>\n\t\t\t<\/div>\n\t\t<\/div>\n\t\t\t\t\n\n\t\t\t\t\t\t<\/div>\n\t\t\t\t<\/div>\n\t\t\t\t\t<\/div>\n\t\t<\/div>\n\t\t\t\t\t<\/div>\n\t\t<\/section>\n\t\t\t\t\t<\/div>\n\t\t<\/div>\n\t\t\t\t\t<\/div>\n\t\t<\/section>\n\t\t<div class=\"elementor-element elementor-element-e7b3af8 e-flex e-con-boxed e-con e-parent\" data-id=\"e7b3af8\" data-element_type=\"container\" data-e-type=\"container\">\n\t\t\t\t\t<div class=\"e-con-inner\">\n\t\t\t\t\t<\/div>\n\t\t\t\t<\/div>\n\t\t<div class=\"elementor-element elementor-element-47c32bf e-flex e-con-boxed e-con e-parent\" data-id=\"47c32bf\" data-element_type=\"container\" data-e-type=\"container\">\n\t\t\t\t\t<div class=\"e-con-inner\">\n\t\t\t\t<div class=\"elementor-element elementor-element-20adb8c elementor-widget elementor-widget-text-editor\" data-id=\"20adb8c\" data-element_type=\"widget\" data-e-type=\"widget\" data-widget_type=\"text-editor.default\">\n\t\t\t\t<div class=\"elementor-widget-container\">\n\t\t\t\t\t\t\t\t\t<p><strong>Tipos de hipotecas disponibles en l\u00ednea &#8211; Explore una gama de opciones hipotecarias adaptadas a sus necesidades<\/strong><\/p>\n<p>En banks4all.eu, compare varias opciones de hipoteca para todas sus necesidades. Las hipotecas pueden obtenerse para comprar o renovar una vivienda, acceder a dinero extra o sustituir una hipoteca anticuada.<\/p>\n\t\t\t\t\t\t\t\t<\/div>\n\t\t\t\t<\/div>\n\t\t\t\t\t<\/div>\n\t\t\t\t<\/div>\n\t\t<div class=\"elementor-element elementor-element-91fb0f9 e-flex e-con-boxed e-con e-parent\" data-id=\"91fb0f9\" data-element_type=\"container\" data-e-type=\"container\">\n\t\t\t\t\t<div class=\"e-con-inner\">\n\t\t\t\t<div class=\"elementor-element elementor-element-fd8315c elementor-widget elementor-widget-text-editor\" data-id=\"fd8315c\" data-element_type=\"widget\" data-e-type=\"widget\" data-widget_type=\"text-editor.default\">\n\t\t\t\t<div class=\"elementor-widget-container\">\n\t\t\t\t\t\t\t\t\t<p>Descubra todas las hipotecas online disponibles para comparar en banks4all.eu:<\/p>\n<ol>\n<li>Hipoteca primera vivienda<\/li>\n<li>Hipoteca para segunda vivienda<\/li>\n<li>Refinanciaci\u00f3n hipotecaria<\/li>\n<li>Hipoteca para menores de 36 a\u00f1os<\/li>\n<li>100% hipoteca<\/li>\n<li>Hipoteca de liquidez<\/li>\n<li>Refinanciaci\u00f3n + hipoteca de liquidez<\/li>\n<li>Hipoteca renovaci\u00f3n<\/li>\n<li>Hipotecas de final de obra<\/li>\n<li>Hipotecas verdes<\/li>\n<\/ol>\n<p>Alternativamente, si s\u00f3lo quieres hacerte una idea del compromiso financiero que implica, puedes simular r\u00e1pidamente una hipoteca para saber a cu\u00e1nto ascender\u00e1 tu cuota en funci\u00f3n de los tipos actuales, o descubrir de antemano cu\u00e1les son las mejores hipotecas hoy entre las propuestas de nuestros bancos asociados.<\/p>\n\t\t\t\t\t\t\t\t<\/div>\n\t\t\t\t<\/div>\n\t\t\t\t\t<\/div>\n\t\t\t\t<\/div>\n\t\t\t\t<section class=\"elementor-section elementor-top-section elementor-element elementor-element-597af04 elementor-section-boxed elementor-section-height-default elementor-section-height-default\" data-id=\"597af04\" data-element_type=\"section\" data-e-type=\"section\">\n\t\t\t\t\t\t<div class=\"elementor-container elementor-column-gap-default\">\n\t\t\t\t\t<div class=\"elementor-column elementor-col-100 elementor-top-column elementor-element elementor-element-7755bf0\" data-id=\"7755bf0\" data-element_type=\"column\" data-e-type=\"column\">\n\t\t\t<div class=\"elementor-widget-wrap elementor-element-populated\">\n\t\t\t\t\t\t<div class=\"elementor-element elementor-element-90f1964 elementor-widget elementor-widget-spacer\" data-id=\"90f1964\" data-element_type=\"widget\" data-e-type=\"widget\" data-widget_type=\"spacer.default\">\n\t\t\t\t<div class=\"elementor-widget-container\">\n\t\t\t\t\t\t\t<div class=\"elementor-spacer\">\n\t\t\t<div class=\"elementor-spacer-inner\"><\/div>\n\t\t<\/div>\n\t\t\t\t\t\t<\/div>\n\t\t\t\t<\/div>\n\t\t\t\t\t<\/div>\n\t\t<\/div>\n\t\t\t\t\t<\/div>\n\t\t<\/section>\n\t\t<div class=\"elementor-element elementor-element-f7bfc70 e-flex e-con-boxed e-con e-parent\" data-id=\"f7bfc70\" data-element_type=\"container\" data-e-type=\"container\">\n\t\t\t\t\t<div class=\"e-con-inner\">\n\t\t<div class=\"elementor-element elementor-element-9ddb1e2 e-con-full e-flex e-con e-child\" data-id=\"9ddb1e2\" data-element_type=\"container\" data-e-type=\"container\">\n\t\t\t\t<div class=\"elementor-element elementor-element-e9bb345 elementor-widget elementor-widget-text-editor\" data-id=\"e9bb345\" data-element_type=\"widget\" data-e-type=\"widget\" data-widget_type=\"text-editor.default\">\n\t\t\t\t<div class=\"elementor-widget-container\">\n\t\t\t\t\t\t\t\t\t<p><strong>Solicitar una hipoteca en l\u00ednea<\/strong><\/p>\n<p>banks4all.eu es su sitio web de referencia para la b\u00fasqueda de hipotecas.<\/p>\n<p>Gracias a los acuerdos con nuestros bancos asociados, podemos ofrecerte hipotecas para cada finalidad, tanto si necesitas una desde cero, empezando por una hipoteca para primera o segunda vivienda, como si buscas ofertas para una hipoteca joven. Tambi\u00e9n podemos ayudarle a encontrar una transferencia de hipoteca para cambiar de banco y reducir su cuota.<\/p>\n<p>Puede elegir entre distintos tipos de inter\u00e9s, como el tipo fijo, el variable o soluciones h\u00edbridas como el variable con tope o el mixto.<\/p>\n<p>Obtenga un presupuesto y solicite una consulta gratuita: \u00a1puede comparar numerosas ofertas con tipos a partir del 2,90%*!<\/p>\n\t\t\t\t\t\t\t\t<\/div>\n\t\t\t\t<\/div>\n\t\t\t\t<\/div>\n\t\t<div class=\"elementor-element elementor-element-5761247 e-con-full e-flex e-con e-child\" data-id=\"5761247\" data-element_type=\"container\" data-e-type=\"container\">\n\t\t\t\t<div class=\"elementor-element elementor-element-c2eb884 elementor-widget elementor-widget-text-editor\" data-id=\"c2eb884\" data-element_type=\"widget\" data-e-type=\"widget\" data-widget_type=\"text-editor.default\">\n\t\t\t\t<div class=\"elementor-widget-container\">\n\t\t\t\t\t\t\t\t\t<p><strong>Compare pr\u00e9stamos hipotecarios en banks4all.<\/strong> eu &#8211; Su plataforma de referencia para comparar opciones hipotecarias y encontrar la mejor oferta para la casa de sus sue\u00f1os.<br \/>Los ciudadanos italianos o extranjeros residentes en Italia, con edades comprendidas entre los 18 y los 75 a\u00f1os, pueden solicitar pr\u00e9stamos personales. Para obtener un pr\u00e9stamo personal es necesario tener ingresos demostrables y disponer de una cuenta corriente. El procedimiento de solicitud de presupuesto es totalmente en l\u00ednea. Adem\u00e1s de estos requisitos b\u00e1sicos, cada banco o empresa financiera puede a\u00f1adir requisitos adicionales espec\u00edficos. Por ejemplo, para conceder un pr\u00e9stamo, muchas instituciones comprueban la solvencia y eval\u00faan la calificaci\u00f3n del CRIF.<\/p>\n<p>Rellena el formulario y, en pocos segundos, Facile.it comparar\u00e1 los tipos de inter\u00e9s de los pr\u00e9stamos personales m\u00e1s ventajosos emitidos por los principales bancos y entidades financieras del mercado italiano.<\/p>\n\t\t\t\t\t\t\t\t<\/div>\n\t\t\t\t<\/div>\n\t\t\t\t<\/div>\n\t\t\t\t\t<\/div>\n\t\t\t\t<\/div>\n\t\t\t\t<\/div>\n\t\t","protected":false},"excerpt":{"rendered":"<p>Solicite una consulta gratuita Hipotecas Online: Compara ofertas y selecciona la mejor opci\u00f3n para ti! Nuestros servicios que se adaptan a tus necesidades Transferencia de dinero Solicite una consulta gratuita Seguro de Autos Solicite una consulta gratuita Pr\u00e9stamos personales Solicite una consulta gratuita Nueva cuenta bancaria Solicite una consulta gratuita Tipos de hipotecas disponibles en [&hellip;]<\/p>\n","protected":false},"author":1,"featured_media":0,"parent":0,"menu_order":0,"comment_status":"closed","ping_status":"closed","template":"elementor_header_footer","meta":{"om_disable_all_campaigns":false,"_monsterinsights_skip_tracking":false,"_monsterinsights_sitenote_active":false,"_monsterinsights_sitenote_note":"","_monsterinsights_sitenote_category":0,"footnotes":""},"categories":[],"class_list":["post-18546","page","type-page","status-publish","hentry"],"_links":{"self":[{"href":"https:\/\/www.banks4all.eu\/es\/wp-json\/wp\/v2\/pages\/18546","targetHints":{"allow":["GET"]}}],"collection":[{"href":"https:\/\/www.banks4all.eu\/es\/wp-json\/wp\/v2\/pages"}],"about":[{"href":"https:\/\/www.banks4all.eu\/es\/wp-json\/wp\/v2\/types\/page"}],"author":[{"embeddable":true,"href":"https:\/\/www.banks4all.eu\/es\/wp-json\/wp\/v2\/users\/1"}],"replies":[{"embeddable":true,"href":"https:\/\/www.banks4all.eu\/es\/wp-json\/wp\/v2\/comments?post=18546"}],"version-history":[{"count":9,"href":"https:\/\/www.banks4all.eu\/es\/wp-json\/wp\/v2\/pages\/18546\/revisions"}],"predecessor-version":[{"id":18948,"href":"https:\/\/www.banks4all.eu\/es\/wp-json\/wp\/v2\/pages\/18546\/revisions\/18948"}],"wp:attachment":[{"href":"https:\/\/www.banks4all.eu\/es\/wp-json\/wp\/v2\/media?parent=18546"}],"wp:term":[{"taxonomy":"category","embeddable":true,"href":"https:\/\/www.banks4all.eu\/es\/wp-json\/wp\/v2\/categories?post=18546"}],"curies":[{"name":"wp","href":"https:\/\/api.w.org\/{rel}","templated":true}]}}