{"id":17704,"date":"2024-02-07T19:42:08","date_gmt":"2024-02-07T18:42:08","guid":{"rendered":"https:\/\/www.banks4all.eu\/open-a-new-bank-account-consultation-spanish\/"},"modified":"2024-02-07T20:35:40","modified_gmt":"2024-02-07T19:35:40","slug":"open-a-new-bank-account-consultation-spanish","status":"publish","type":"page","link":"https:\/\/www.banks4all.eu\/es\/open-a-new-bank-account-consultation-spanish\/","title":{"rendered":"Abrir una nueva cuenta bancaria Consulta en espa\u00f1ol"},"content":{"rendered":"\t\t<div data-elementor-type=\"wp-page\" data-elementor-id=\"17704\" class=\"elementor elementor-17704 elementor-17697\">\n\t\t\t\t\t\t<section class=\"elementor-section elementor-top-section elementor-element elementor-element-c650c9f elementor-section-full_width elementor-section-height-default elementor-section-height-default\" data-id=\"c650c9f\" data-element_type=\"section\">\n\t\t\t\t\t\t<div class=\"elementor-container elementor-column-gap-no\">\n\t\t\t\t\t<div class=\"elementor-column elementor-col-100 elementor-top-column elementor-element elementor-element-af65d94\" data-id=\"af65d94\" data-element_type=\"column\">\n\t\t\t<div class=\"elementor-widget-wrap elementor-element-populated\">\n\t\t\t\t\t\t<div class=\"elementor-element elementor-element-e40b411 elementor-widget elementor-widget-witr_swiper_slider\" data-id=\"e40b411\" data-element_type=\"widget\" data-widget_type=\"witr_swiper_slider.default\">\n\t\t\t\t<div class=\"elementor-widget-container\">\n\t\t\t\t\t\t\t\t\t\t<!-- Swiper -->\n\t\t\t<div class=\"witr_swiper_area\">\n\t\t\t\t<div class=\"swiper-container witr_active_id5 \"dir=\"ltr\">\n\t\t\t\t\t<div class=\"swiper-wrapper\" >\n\t\t\t\t\t\t\t\t\n\t\t\t\t\t    <div class=\"swiper-slide d1 t1 m1 witr_swiper_height\"  style=\"background-image:url(https:\/\/www.banks4all.eu\/wp-content\/uploads\/2022\/01\/slider-7.jpg);\">\n\t\t\t\t\t\t\t<!-- witr_show_animate -->\n\t\t\t\t\t\t\t\t\t\t\t\t\t\n\t\t\t\t\t\t\n\t\t\t\t\t\t\t<div class=\"witr_sw_text_area text-left\">\n\t\t\t\t\t\t\t\t<div class=\"witr_swiper_content \">\n\t\t\t\t\t\t\t\t\t\t\t\t\t\t\t\t\t\n\t\t\t\t\t\t\t\t\t<!-- title -->\n\t\t\t\t\t\t\t\t\t\t\t\t\t\t\t\t\t\t\t<h1>Solicite una consulta gratuita<\/h1>\n\t\t\t\t\t\t\t\t\t\t\t\t\t\t\t\t\t\t<!-- title 2 -->\n\t\t\t\t\t\t\t\t\t\t\t\t\t\t\t\t\t\t\t<h2>Servicios bancarios en Italia: Descubra las mejores tarifas<\/h2>\n\t\t\t\t\t\t\t\t\t\t\t\t\t\t\t\t\t\t<!-- title 3 -->\n\t\t\t\t\t\t\t\t\t\t\t\t\t\t\t\t\t\t<!-- content -->\n\t\t\t\t\t\t\t\t\t\t\t\t\t\t\t\t\t\t\t<p>CONSULTA GRATUITA Y SOLUCIONES BANCARIAS: Nuestros servicios espec\u00edficos para usted<\/p>\n\t\t\t\t\t\t\t\t\t\t\t\t\t\t\t\t\t\t\t\t\t\t\n\t\t\t\t\t\t\t\t\t<!-- inner title -->\n\t\t\t\t\t\t\t\t\t\t\t\t\t\t\t\t\t\t\n\t\t\t\t\t\t\t\t\t\n\t\t\t\t\t\t\t\t\t\n\t\t\t\t\t\t\t\t\t<!-- btn gradient style -->\n\t\t\t\t\t\t\t\t\t<div class=\"slider_btn\">\n\t\t\t\t\t\t\t\t\t\t<div class=\"witr_btn_style\">\n\t\t\t\t\t\t\t\t\t\t\t<div class=\"witr_btn_sinner\">\n\t\t\t\t\t\t\t\t\t\t\t\t<!-- button -->\n\t\t\t\t\t\t\t\t\t\t\t\t\n\t\t\t\t\t\t\t\t\t\t\t\t<!-- video button 2 -->\n\t\t\t\t\t\t\t\t\t\t\t\t\n\t\t\t\t\t\t\t\t\t\t\t\t<!-- Circle video button Style -->\n\t\t\t\t\t\t\t\t\t\t\t\t\t\t\t\t\t\t\t\t\t\t\t\t\n\t\t\t\t\t\t\t\t\t\t\t<\/div>\n\t\t\t\t\t\t\t\t\t\t<\/div>\n\t\t\t\t\t\t\t\t\t<\/div>\n\t\t\t\t\t\t\t\t\t<!-- social -->\n\t\t\t\t\t\t\t\t\t<!-- social -->\n\t\t\t\t\t\t\t\t\t\t\t\t\t\t\t\t\t\t\n\t\t\t\t\t\t\t\t\t\n\t\t\t\t\t\t\t\t\t\n\t\t\t\t\t\t\t\t<\/div>\n\t\t\t\t\t\t\t\t\t\n\t\t\t\t\t\t\t\t<!-- slider thumb image -->\n\t\t\t\t\t\t\t\t\n\t\t\t\t\t\n\t\t\t\t\t\t\t\t<!-- video icon -->\n\t\t\t\t\t\t\t\t\t\t\t\t\t\t\t\t\t\n\t\n\t\t\t\t\t\t\t<\/div>\n\t\t\t\t\t\t\t\n\t\t\t\t\t\t<\/div>\n\t\t\t\t\t  \n\t\t\t\t\t\t\t\t\t\t\t\n\t\t\t\t\t<\/div>\n\t\t\t\t\t<!-- Add Pagination -->\n\t\t\t\t\t<div class=\"swiper-scrollbar\"><\/div>\n\t\t\t\t\t<div class=\"swiper-pagination\"><\/div>\n\t\t\t\t\t<div class=\"swiper-buttonf-next \"><\/div>\n\t\t\t\t\t<div class=\"swiper-buttonf-prev\"><\/div>\t\t\t\t\t\n\t\t\t\t<\/div>\n\t\t\t<\/div>\t\t\n\t\t\n\n\t\t\t<script type='text\/javascript'>\n\t\t\t\tjQuery(function($){\n\n\t\t\t\t   new Swiper('.witr_active_id5', {\n\t\t\t\t\t\teffect: 'defult',\n\t\t\t\t\t\tgrabCursor: false,\n\t\t\t\t\t\tspeed: 2000,\n\t\t\t\t\t\tdirection: 'horizontal',\n\t\t\t\t\t\t\t\t\t\t\t\t\tslidesPerView: 1,\n\t\t\t\t\t\t\t\t\t\t\t\t\t\t\t\t\t\t\tspaceBetween: 30,\n\t\t\t\t\t\t\t\t\t\t\t\tfreeMode: false,\n\t\t\t\t\t\tmousewheel: false,\n\t\t\t\t\t\tkeyboard: false,\n\t\t\t\t\t\tloop: false,\n\t\t\t\t\t\t\t\t\t\t\t\tautoplay: {\n\t\t\t\t\t\t\tdelay: 8000,\t\t\t\t\t\t\t\t  \n\t\t\t\t\t\t\tdisableOnInteraction: false,\n\t\t\t\t\t\t},\n\t\t\t\t\t\t  pagination: {\n\t\t\t\t\t\t\tel: '.swiper-pagination',\n\t\t\t\t\t\t\tclickable: true,\n\t\t\t\t\t\t\ttype: 'progressbar',\n\t\t\t\t\t\t  },\n\t\t\t\t\t\t  navigation: {\n\t\t\t\t\t\t\tnextEl: '.swiper-button-next',\n\t\t\t\t\t\t\tprevEl: '.swiper-button-prev',\n\t\t\t\t\t\t  },\n\t\t\t\t\t\t  scrollbar: {\n\t\t\t\t\t\t\tel: '.scrollbar_false',\n\t\t\t\t\t\t\thide: true,\n\t\t\t\t\t\t  },\t\t\t\t\t  \n\t\t\t\t\t\t  \n \n\t\t\t\t\t\t  \n\t\t\t\t\t});\n\n\t\t\t\t});\t\t\t\t\t\t\n\t\t\t\t\n\t\t\t<\/script>\t\t\t\t\t\t\t\n\t\t\t\t\t\t<\/div>\n\t\t\t\t<\/div>\n\t\t\t\t\t<\/div>\n\t\t<\/div>\n\t\t\t\t\t<\/div>\n\t\t<\/section>\n\t\t\t\t<section class=\"elementor-section elementor-top-section elementor-element elementor-element-3052fc6 elementor-section-boxed elementor-section-height-default elementor-section-height-default\" data-id=\"3052fc6\" data-element_type=\"section\">\n\t\t\t\t\t\t<div class=\"elementor-container elementor-column-gap-default\">\n\t\t\t\t\t<div class=\"elementor-column elementor-col-100 elementor-top-column elementor-element elementor-element-f2afb11\" data-id=\"f2afb11\" data-element_type=\"column\">\n\t\t\t<div class=\"elementor-widget-wrap elementor-element-populated\">\n\t\t\t\t\t\t<section class=\"elementor-section elementor-inner-section elementor-element elementor-element-3e9155f elementor-section-boxed elementor-section-height-default elementor-section-height-default\" data-id=\"3e9155f\" data-element_type=\"section\">\n\t\t\t\t\t\t<div class=\"elementor-container elementor-column-gap-default\">\n\t\t\t\t\t<div class=\"elementor-column elementor-col-25 elementor-inner-column elementor-element elementor-element-50016b3\" data-id=\"50016b3\" data-element_type=\"column\">\n\t\t\t<div class=\"elementor-widget-wrap elementor-element-populated\">\n\t\t\t\t\t\t<div class=\"elementor-element elementor-element-3dda080 elementor-widget elementor-widget-witr_section_service\" data-id=\"3dda080\" data-element_type=\"widget\" data-widget_type=\"witr_section_service.default\">\n\t\t\t\t<div class=\"elementor-widget-container\">\n\t\t\t\t\t\n\t\t<div class=\"witr_service_3d witr_service_con_3d witr_service_flip_up\">\n\t\t\t<div class=\"witr_single_service_3d all_color_service text-center \">\n\t\t\t\t<!-- fontent -->\n\t\t\t\t<div class=\"witr_service_front_3d\">\n\t\t\t\t\t<div class=\"witr_service_position\">\n\t\t\t\t\t\t<div class=\"witr_service_content_3d \">\n\t\t\t\t\t\t\t<div class=\"witr_service_icon_3d all_icon_color\">\n\t\t\t\t\t\t\t\t<!-- icon -->\n\t\t\t\t\t\t\t\t\t\t\t\t\t\t\t\t\t<i class=\"ti ti-lock\"><\/i>\n\t\t\t\t\t\t\t\t\t\t\t\t\t\t\t\t<!-- custom icon -->\n\t\t\t\t\t\t\t\t\t\t\t\t\n\t\t\t\t\t\t\t\t<!-- image -->\n\t\t\t\t\t\t\t\t\t\t\t\t\t\t\n\t\t\t\t\t\t\t<\/div>\n\t\t\t\t\t\t\t<!-- title -->\n\t\t\t\t\t\t\t\t\t\t\t\t\t\t \n\t\t\t\t\t\t\t\t<h3><a href=\"#\">Transferencia de dinero<\/a><\/h3>\n\t\t\t\t\t\t\t\t\t\t\t\t\t\t\t\t\t\t\t\t\t<!-- content -->\n\t\t\t\t\t\t\t\t\t\t\t\t\t\n\t\t\t\t\t\t<\/div>\n\t\t\t\t\t\t<!-- button -->\n\t\t\t\t\t\t\t\n\t\t\t\t\t<\/div>\n\t\t\t\t<\/div>\n\t\t\t\t<!-- bekend -->\n\t\t\t\t<div class=\"witr_service_back_3d\">\n\t\t\t\t\t<div class=\"witr_service_position \">\n\t\t\t\t\t\t<div class=\"witr_service_content_3d\">\n\t\t\t\t\t\t\t<div class=\"witr_service_icon_3d all_icon_color\">\n\t\t\t\t\t\t\t\t<!-- icon -->\n\t\t\t\t\t\t\t\t\t\t\t\t\t\t\t\t<!-- custom icon -->\n\t\t\t\t\t\t\t\t\t\t\t\t\n\t\t\t\t\t\t\t\t<!-- image -->\n\t\t\t\t\t\t\t\t\t\t\t\t\t\t\n\t\t\t\t\t\t\t<\/div>\n\t\t\t\t\t\t\t<!-- title -->\n\t\t\t\t\t\t\t\t\t\t\t\t\t\t \n\t\t\t\t\t\t\t\t<h3><a href=\"#\">Solicite una consulta gratuita<\/a><\/h3>\n\t\t\t\t\t\t\t\t\t\t\t\t\t\t\t\t\t\t\t\t\t<!-- content -->\n\t\t\t\t\t\t\t\t\t\t\t\t\t\n\t\t\t\t\t\t<\/div>\n\t\t\t\t\t\t\n\t\t\t\t\t\t<!-- button -->\n\t\t\t\t\t\t\t\t\t\t\t\t\t<div class=\"witr_service_btn_3d\">\n\t\t\t\t\t\t\t<a href=\"#\"><i class=\"icofont-arrow-right\"><\/i><\/a>\n\t\t\t\t\t\t\t<\/div>\n\t\t\t\t\t\t\t\t\t\t\t\n\t\t\t\t\t\t\n\t\t\t\t\t<\/div>\n\t\t\t\t<\/div>\n\t\t\t<\/div>\n\t\t<\/div>\n\t\t\t\t\n\n\t\t\t\t\t\t<\/div>\n\t\t\t\t<\/div>\n\t\t\t\t\t<\/div>\n\t\t<\/div>\n\t\t\t\t<div class=\"elementor-column elementor-col-25 elementor-inner-column elementor-element elementor-element-c1ed1cb\" data-id=\"c1ed1cb\" data-element_type=\"column\">\n\t\t\t<div class=\"elementor-widget-wrap elementor-element-populated\">\n\t\t\t\t\t\t<div class=\"elementor-element elementor-element-9c96eb7 elementor-widget elementor-widget-witr_section_service\" data-id=\"9c96eb7\" data-element_type=\"widget\" data-widget_type=\"witr_section_service.default\">\n\t\t\t\t<div class=\"elementor-widget-container\">\n\t\t\t\t\t\n\t\t<div class=\"witr_service_3d witr_service_con_3d witr_service_flip_up\">\n\t\t\t<div class=\"witr_single_service_3d all_color_service text-center \">\n\t\t\t\t<!-- fontent -->\n\t\t\t\t<div class=\"witr_service_front_3d\">\n\t\t\t\t\t<div class=\"witr_service_position\">\n\t\t\t\t\t\t<div class=\"witr_service_content_3d \">\n\t\t\t\t\t\t\t<div class=\"witr_service_icon_3d all_icon_color\">\n\t\t\t\t\t\t\t\t<!-- icon -->\n\t\t\t\t\t\t\t\t\t\t\t\t\t\t\t\t\t<i class=\"ti ti-headphone\"><\/i>\n\t\t\t\t\t\t\t\t\t\t\t\t\t\t\t\t<!-- custom icon -->\n\t\t\t\t\t\t\t\t\t\t\t\t\n\t\t\t\t\t\t\t\t<!-- image -->\n\t\t\t\t\t\t\t\t\t\t\t\t\t\t\n\t\t\t\t\t\t\t<\/div>\n\t\t\t\t\t\t\t<!-- title -->\n\t\t\t\t\t\t\t\t\t\t\t\t\t\t \n\t\t\t\t\t\t\t\t<h3><a href=\"#\">Seguro de auto<\/a><\/h3>\n\t\t\t\t\t\t\t\t\t\t\t\t\t\t\t\t\t\t\t\t\t<!-- content -->\n\t\t\t\t\t\t\t\t\t\t\t\t\t\n\t\t\t\t\t\t<\/div>\n\t\t\t\t\t\t<!-- button -->\n\t\t\t\t\t\t\t\n\t\t\t\t\t<\/div>\n\t\t\t\t<\/div>\n\t\t\t\t<!-- bekend -->\n\t\t\t\t<div class=\"witr_service_back_3d\">\n\t\t\t\t\t<div class=\"witr_service_position \">\n\t\t\t\t\t\t<div class=\"witr_service_content_3d\">\n\t\t\t\t\t\t\t<div class=\"witr_service_icon_3d all_icon_color\">\n\t\t\t\t\t\t\t\t<!-- icon -->\n\t\t\t\t\t\t\t\t\t\t\t\t\t\t\t\t<!-- custom icon -->\n\t\t\t\t\t\t\t\t\t\t\t\t\n\t\t\t\t\t\t\t\t<!-- image -->\n\t\t\t\t\t\t\t\t\t\t\t\t\t\t\n\t\t\t\t\t\t\t<\/div>\n\t\t\t\t\t\t\t<!-- title -->\n\t\t\t\t\t\t\t\t\t\t\t\t\t\t \n\t\t\t\t\t\t\t\t<h3><a href=\"#\">Solicite una consulta gratuita<\/a><\/h3>\n\t\t\t\t\t\t\t\t\t\t\t\t\t\t\t\t\t\t\t\t\t<!-- content -->\n\t\t\t\t\t\t\t\t\t\t\t\t\t\n\t\t\t\t\t\t<\/div>\n\t\t\t\t\t\t\n\t\t\t\t\t\t<!-- button -->\n\t\t\t\t\t\t\t\t\t\t\t\t\t<div class=\"witr_service_btn_3d\">\n\t\t\t\t\t\t\t<a href=\"#\"><i class=\"icofont-arrow-right\"><\/i><\/a>\n\t\t\t\t\t\t\t<\/div>\n\t\t\t\t\t\t\t\t\t\t\t\n\t\t\t\t\t\t\n\t\t\t\t\t<\/div>\n\t\t\t\t<\/div>\n\t\t\t<\/div>\n\t\t<\/div>\n\t\t\t\t\n\n\t\t\t\t\t\t<\/div>\n\t\t\t\t<\/div>\n\t\t\t\t\t<\/div>\n\t\t<\/div>\n\t\t\t\t<div class=\"elementor-column elementor-col-25 elementor-inner-column elementor-element elementor-element-60bdad3\" data-id=\"60bdad3\" data-element_type=\"column\">\n\t\t\t<div class=\"elementor-widget-wrap elementor-element-populated\">\n\t\t\t\t\t\t<div class=\"elementor-element elementor-element-673cb87 elementor-widget elementor-widget-witr_section_service\" data-id=\"673cb87\" data-element_type=\"widget\" data-widget_type=\"witr_section_service.default\">\n\t\t\t\t<div class=\"elementor-widget-container\">\n\t\t\t\t\t\n\t\t<div class=\"witr_service_3d witr_service_con_3d witr_service_flip_up\">\n\t\t\t<div class=\"witr_single_service_3d all_color_service text-center \">\n\t\t\t\t<!-- fontent -->\n\t\t\t\t<div class=\"witr_service_front_3d\">\n\t\t\t\t\t<div class=\"witr_service_position\">\n\t\t\t\t\t\t<div class=\"witr_service_content_3d \">\n\t\t\t\t\t\t\t<div class=\"witr_service_icon_3d all_icon_color\">\n\t\t\t\t\t\t\t\t<!-- icon -->\n\t\t\t\t\t\t\t\t\t\t\t\t\t\t\t\t\t<i class=\"ti ti-blackboard\"><\/i>\n\t\t\t\t\t\t\t\t\t\t\t\t\t\t\t\t<!-- custom icon -->\n\t\t\t\t\t\t\t\t\t\t\t\t\n\t\t\t\t\t\t\t\t<!-- image -->\n\t\t\t\t\t\t\t\t\t\t\t\t\t\t\n\t\t\t\t\t\t\t<\/div>\n\t\t\t\t\t\t\t<!-- title -->\n\t\t\t\t\t\t\t\t\t\t\t\t\t\t \n\t\t\t\t\t\t\t\t<h3><a href=\"#\">Pr\u00e9stamo hipotecario<\/a><\/h3>\n\t\t\t\t\t\t\t\t\t\t\t\t\t\t\t\t\t\t\t\t\t<!-- content -->\n\t\t\t\t\t\t\t\t\t\t\t\t\t\n\t\t\t\t\t\t<\/div>\n\t\t\t\t\t\t<!-- button -->\n\t\t\t\t\t\t\t\n\t\t\t\t\t<\/div>\n\t\t\t\t<\/div>\n\t\t\t\t<!-- bekend -->\n\t\t\t\t<div class=\"witr_service_back_3d\">\n\t\t\t\t\t<div class=\"witr_service_position \">\n\t\t\t\t\t\t<div class=\"witr_service_content_3d\">\n\t\t\t\t\t\t\t<div class=\"witr_service_icon_3d all_icon_color\">\n\t\t\t\t\t\t\t\t<!-- icon -->\n\t\t\t\t\t\t\t\t\t\t\t\t\t\t\t\t<!-- custom icon -->\n\t\t\t\t\t\t\t\t\t\t\t\t\n\t\t\t\t\t\t\t\t<!-- image -->\n\t\t\t\t\t\t\t\t\t\t\t\t\t\t\n\t\t\t\t\t\t\t<\/div>\n\t\t\t\t\t\t\t<!-- title -->\n\t\t\t\t\t\t\t\t\t\t\t\t\t\t \n\t\t\t\t\t\t\t\t<h3><a href=\"#\">Solicite una consulta gratuita<\/a><\/h3>\n\t\t\t\t\t\t\t\t\t\t\t\t\t\t\t\t\t\t\t\t\t<!-- content -->\n\t\t\t\t\t\t\t\t\t\t\t\t\t\n\t\t\t\t\t\t<\/div>\n\t\t\t\t\t\t\n\t\t\t\t\t\t<!-- button -->\n\t\t\t\t\t\t\t\t\t\t\t\t\t<div class=\"witr_service_btn_3d\">\n\t\t\t\t\t\t\t<a href=\"#\"><i class=\"icofont-arrow-right\"><\/i><\/a>\n\t\t\t\t\t\t\t<\/div>\n\t\t\t\t\t\t\t\t\t\t\t\n\t\t\t\t\t\t\n\t\t\t\t\t<\/div>\n\t\t\t\t<\/div>\n\t\t\t<\/div>\n\t\t<\/div>\n\t\t\t\t\n\n\t\t\t\t\t\t<\/div>\n\t\t\t\t<\/div>\n\t\t\t\t\t<\/div>\n\t\t<\/div>\n\t\t\t\t<div class=\"elementor-column elementor-col-25 elementor-inner-column elementor-element elementor-element-819813d\" data-id=\"819813d\" data-element_type=\"column\">\n\t\t\t<div class=\"elementor-widget-wrap elementor-element-populated\">\n\t\t\t\t\t\t<div class=\"elementor-element elementor-element-20b2680 elementor-widget elementor-widget-witr_section_service\" data-id=\"20b2680\" data-element_type=\"widget\" data-widget_type=\"witr_section_service.default\">\n\t\t\t\t<div class=\"elementor-widget-container\">\n\t\t\t\t\t\n\t\t<div class=\"witr_service_3d witr_service_con_3d witr_service_flip_up\">\n\t\t\t<div class=\"witr_single_service_3d all_color_service text-center \">\n\t\t\t\t<!-- fontent -->\n\t\t\t\t<div class=\"witr_service_front_3d\">\n\t\t\t\t\t<div class=\"witr_service_position\">\n\t\t\t\t\t\t<div class=\"witr_service_content_3d \">\n\t\t\t\t\t\t\t<div class=\"witr_service_icon_3d all_icon_color\">\n\t\t\t\t\t\t\t\t<!-- icon -->\n\t\t\t\t\t\t\t\t\t\t\t\t\t\t\t\t\t<i class=\"ti ti-alarm-clock\"><\/i>\n\t\t\t\t\t\t\t\t\t\t\t\t\t\t\t\t<!-- custom icon -->\n\t\t\t\t\t\t\t\t\t\t\t\t\n\t\t\t\t\t\t\t\t<!-- image -->\n\t\t\t\t\t\t\t\t\t\t\t\t\t\t\n\t\t\t\t\t\t\t<\/div>\n\t\t\t\t\t\t\t<!-- title -->\n\t\t\t\t\t\t\t\t\t\t\t\t\t\t \n\t\t\t\t\t\t\t\t<h3><a href=\"#\">Pr\u00e9stamos personales<\/a><\/h3>\n\t\t\t\t\t\t\t\t\t\t\t\t\t\t\t\t\t\t\t\t\t<!-- content -->\n\t\t\t\t\t\t\t\t\t\t\t\t\t\n\t\t\t\t\t\t<\/div>\n\t\t\t\t\t\t<!-- button -->\n\t\t\t\t\t\t\t\n\t\t\t\t\t<\/div>\n\t\t\t\t<\/div>\n\t\t\t\t<!-- bekend -->\n\t\t\t\t<div class=\"witr_service_back_3d\">\n\t\t\t\t\t<div class=\"witr_service_position \">\n\t\t\t\t\t\t<div class=\"witr_service_content_3d\">\n\t\t\t\t\t\t\t<div class=\"witr_service_icon_3d all_icon_color\">\n\t\t\t\t\t\t\t\t<!-- icon -->\n\t\t\t\t\t\t\t\t\t\t\t\t\t\t\t\t<!-- custom icon -->\n\t\t\t\t\t\t\t\t\t\t\t\t\n\t\t\t\t\t\t\t\t<!-- image -->\n\t\t\t\t\t\t\t\t\t\t\t\t\t\t\n\t\t\t\t\t\t\t<\/div>\n\t\t\t\t\t\t\t<!-- title -->\n\t\t\t\t\t\t\t\t\t\t\t\t\t\t \n\t\t\t\t\t\t\t\t<h3><a href=\"#\">Solicite una consulta gratuita<\/a><\/h3>\n\t\t\t\t\t\t\t\t\t\t\t\t\t\t\t\t\t\t\t\t\t<!-- content -->\n\t\t\t\t\t\t\t\t\t\t\t\t\t\n\t\t\t\t\t\t<\/div>\n\t\t\t\t\t\t\n\t\t\t\t\t\t<!-- button -->\n\t\t\t\t\t\t\t\t\t\t\t\t\t<div class=\"witr_service_btn_3d\">\n\t\t\t\t\t\t\t<a href=\"#\"><i class=\"icofont-arrow-right\"><\/i><\/a>\n\t\t\t\t\t\t\t<\/div>\n\t\t\t\t\t\t\t\t\t\t\t\n\t\t\t\t\t\t\n\t\t\t\t\t<\/div>\n\t\t\t\t<\/div>\n\t\t\t<\/div>\n\t\t<\/div>\n\t\t\t\t\n\n\t\t\t\t\t\t<\/div>\n\t\t\t\t<\/div>\n\t\t\t\t\t<\/div>\n\t\t<\/div>\n\t\t\t\t\t<\/div>\n\t\t<\/section>\n\t\t\t\t\t<\/div>\n\t\t<\/div>\n\t\t\t\t\t<\/div>\n\t\t<\/section>\n\t\t<div class=\"elementor-element elementor-element-b85ca20 e-flex e-con-boxed e-con e-parent\" data-id=\"b85ca20\" data-element_type=\"container\">\n\t\t\t\t\t<div class=\"e-con-inner\">\n\t\t\t\t<div class=\"elementor-element elementor-element-800a0ec elementor-widget elementor-widget-heading\" data-id=\"800a0ec\" data-element_type=\"widget\" data-widget_type=\"heading.default\">\n\t\t\t\t<div class=\"elementor-widget-container\">\n\t\t\t\t\t<h2 class=\"elementor-heading-title elementor-size-default\">Encuentre su banco ideal: servicios adaptados a la comunidad angl\u00f3fona<br>\n<br>\nLos mejores servicios bancarios para usted: soluciones sencillas y asequibles<\/h2>\t\t\t\t<\/div>\n\t\t\t\t<\/div>\n\t\t\t\t\t<\/div>\n\t\t\t\t<\/div>\n\t\t\t\t<section class=\"elementor-section elementor-top-section elementor-element elementor-element-597af04 elementor-section-boxed elementor-section-height-default elementor-section-height-default\" data-id=\"597af04\" data-element_type=\"section\">\n\t\t\t\t\t\t<div class=\"elementor-container elementor-column-gap-default\">\n\t\t\t\t\t<div class=\"elementor-column elementor-col-100 elementor-top-column elementor-element elementor-element-7755bf0\" data-id=\"7755bf0\" data-element_type=\"column\">\n\t\t\t<div class=\"elementor-widget-wrap elementor-element-populated\">\n\t\t\t\t\t\t<div class=\"elementor-element elementor-element-90f1964 elementor-widget elementor-widget-spacer\" data-id=\"90f1964\" data-element_type=\"widget\" data-widget_type=\"spacer.default\">\n\t\t\t\t<div class=\"elementor-widget-container\">\n\t\t\t\t\t\t\t<div class=\"elementor-spacer\">\n\t\t\t<div class=\"elementor-spacer-inner\"><\/div>\n\t\t<\/div>\n\t\t\t\t\t\t<\/div>\n\t\t\t\t<\/div>\n\t\t\t\t\t<\/div>\n\t\t<\/div>\n\t\t\t\t\t<\/div>\n\t\t<\/section>\n\t\t<div class=\"elementor-element elementor-element-47c32bf e-flex e-con-boxed e-con e-parent\" data-id=\"47c32bf\" data-element_type=\"container\">\n\t\t\t\t\t<div class=\"e-con-inner\">\n\t\t\t\t<div class=\"elementor-element elementor-element-20adb8c elementor-widget elementor-widget-text-editor\" data-id=\"20adb8c\" data-element_type=\"widget\" data-widget_type=\"text-editor.default\">\n\t\t\t\t<div class=\"elementor-widget-container\">\n\t\t\t\t\t\t\t\t\t<p><strong>Gu\u00eda completa de servicios bancarios en Italia para la comunidad angl\u00f3fona<\/strong><\/p>\n<p>Explore nuestra completa gu\u00eda de servicios bancarios en Italia, dise\u00f1ada espec\u00edficamente para las comunidades de habla inglesa. Encontrar\u00e1 soluciones bancarias a medida, tarifas competitivas e informaci\u00f3n \u00fatil para simplificar su experiencia financiera en el Bel Paese.<\/p>\n<p>Gu\u00eda completa de servicios bancarios italianos para comunidades de habla inglesa: Podemos ayudarle a elegir el mejor banco para sus necesidades espec\u00edficas.<\/p>\n\t\t\t\t\t\t\t\t<\/div>\n\t\t\t\t<\/div>\n\t\t\t\t\t<\/div>\n\t\t\t\t<\/div>\n\t\t\t\t<\/div>\n\t\t","protected":false},"excerpt":{"rendered":"<p>Solicite una consulta gratuita Servicios bancarios en Italia: Descubra las mejores tarifas CONSULTA GRATUITA Y SOLUCIONES BANCARIAS: Nuestros servicios espec\u00edficos para usted Transferencia de dinero Solicite una consulta gratuita Seguro de auto Solicite una consulta gratuita Pr\u00e9stamo hipotecario Solicite una consulta gratuita Pr\u00e9stamos personales Solicite una consulta gratuita Encuentre su banco ideal: servicios adaptados a [&hellip;]<\/p>\n","protected":false},"author":1,"featured_media":0,"parent":0,"menu_order":0,"comment_status":"closed","ping_status":"closed","template":"elementor_header_footer","meta":{"om_disable_all_campaigns":false,"_monsterinsights_skip_tracking":false,"_monsterinsights_sitenote_active":false,"_monsterinsights_sitenote_note":"","_monsterinsights_sitenote_category":0,"footnotes":""},"categories":[],"class_list":["post-17704","page","type-page","status-publish","hentry"],"_links":{"self":[{"href":"https:\/\/www.banks4all.eu\/es\/wp-json\/wp\/v2\/pages\/17704","targetHints":{"allow":["GET"]}}],"collection":[{"href":"https:\/\/www.banks4all.eu\/es\/wp-json\/wp\/v2\/pages"}],"about":[{"href":"https:\/\/www.banks4all.eu\/es\/wp-json\/wp\/v2\/types\/page"}],"author":[{"embeddable":true,"href":"https:\/\/www.banks4all.eu\/es\/wp-json\/wp\/v2\/users\/1"}],"replies":[{"embeddable":true,"href":"https:\/\/www.banks4all.eu\/es\/wp-json\/wp\/v2\/comments?post=17704"}],"version-history":[{"count":8,"href":"https:\/\/www.banks4all.eu\/es\/wp-json\/wp\/v2\/pages\/17704\/revisions"}],"predecessor-version":[{"id":17740,"href":"https:\/\/www.banks4all.eu\/es\/wp-json\/wp\/v2\/pages\/17704\/revisions\/17740"}],"wp:attachment":[{"href":"https:\/\/www.banks4all.eu\/es\/wp-json\/wp\/v2\/media?parent=17704"}],"wp:term":[{"taxonomy":"category","embeddable":true,"href":"https:\/\/www.banks4all.eu\/es\/wp-json\/wp\/v2\/categories?post=17704"}],"curies":[{"name":"wp","href":"https:\/\/api.w.org\/{rel}","templated":true}]}}